{"id":327,"date":"2022-03-31T16:24:23","date_gmt":"2022-03-31T16:24:23","guid":{"rendered":"https:\/\/gamotech.ca\/?page_id=327"},"modified":"2024-04-16T13:55:40","modified_gmt":"2024-04-16T13:55:40","slug":"mission-vision-and-history","status":"publish","type":"page","link":"https:\/\/gamotech.ca\/es\/mission-vision-and-history\/","title":{"rendered":"Misi\u00f3n, Visi\u00f3n e Historia"},"content":{"rendered":"<div class=\"wp-block-coblocks-hero alignfull coblocks-hero-417154259180\"><div class=\"wp-block-coblocks-hero__inner has-background-overlay bg-auto has-background-image bg-no-repeat bg-center-center has-background-overlay-30 hero-center-center-align has-padding has-center-content is-fullscreen lazyload\" style=\"background-image:inherit\" data-bg-image=\"url(https:\/\/gamotech.ca\/wp-content\/uploads\/2022\/04\/CArbon-Sink-Forest.jpg)\"><div class=\"wp-block-coblocks-hero__content-wrapper\"><div class=\"wp-block-coblocks-hero__content\" style=\"max-width:1000px\">\n<h1 class=\"wp-block-heading has-palette-color-8-color has-text-color\" style=\"font-size:clamp(1.696rem, 1.696rem + ((1vw - 0.2rem) * 1.505), 2.9rem);\">S\u00f3lo tenemos un planeta.<\/h1>\n\n\n\n<p class=\"has-palette-color-8-color has-text-color\" style=\"font-size:clamp(1.198rem, 1.198rem + ((1vw - 0.2rem) * 0.878), 1.9rem);\">Y tenemos la responsabilidad de protegerlo. No tengas miedo de actuar, ahora.<\/p>\n<\/div><\/div><\/div><\/div>\n\n\n\n<div class=\"wp-block-media-text alignwide has-media-on-the-right is-stacked-on-mobile\" style=\"grid-template-columns:auto 42%\"><div class=\"wp-block-media-text__content\">\n<h2 class=\"wp-block-heading\">NUESTRA MISI\u00d3N<\/h2>\n\n\n\n<p style=\"font-size:clamp(14px, 0.875rem + ((1vw - 3.2px) * 0.313), 18px);\" class=\"translation-block\">Estamos aqu\u00ed para desarrollar y comercializar sistemas que pueden<br> <strong>reducir las emisiones de carbono hoy<\/strong> para las flotas municipales y comerciales.<br><br> Entendemos la presi\u00f3n presupuestaria de nuestros municipios, por lo que constantemente<br> optimizar nuestras soluciones para proporcionar el <strong>mejor costo total de propiedad<\/strong> del mercado.<br><br> Desarrollamos sin descanso nuestra <strong>experiencia en electrificaci\u00f3n y digitalizaci\u00f3n<\/strong><br> a trav\u00e9s de la contrataci\u00f3n, asociaciones y tutor\u00edas.<\/p>\n<\/div><figure class=\"wp-block-media-text__media\"><img decoding=\"async\" width=\"1024\" height=\"819\" data-src=\"https:\/\/gamotech.ca\/wp-content\/uploads\/2022\/05\/montreal-picture-by-mariana-widescreen-1024x819.jpg\" alt=\"\" class=\"wp-image-1309 size-full lazyload\" data-srcset=\"https:\/\/gamotech.ca\/wp-content\/uploads\/2022\/05\/montreal-picture-by-mariana-widescreen-1024x819.jpg 1024w, https:\/\/gamotech.ca\/wp-content\/uploads\/2022\/05\/montreal-picture-by-mariana-widescreen-300x240.jpg 300w, https:\/\/gamotech.ca\/wp-content\/uploads\/2022\/05\/montreal-picture-by-mariana-widescreen-768x614.jpg 768w, https:\/\/gamotech.ca\/wp-content\/uploads\/2022\/05\/montreal-picture-by-mariana-widescreen-1536x1228.jpg 1536w, https:\/\/gamotech.ca\/wp-content\/uploads\/2022\/05\/montreal-picture-by-mariana-widescreen-15x12.jpg 15w, https:\/\/gamotech.ca\/wp-content\/uploads\/2022\/05\/montreal-picture-by-mariana-widescreen.jpg 1767w\" data-sizes=\"auto, (max-width: 1024px) 100vw, 1024px\" src=\"data:image\/svg+xml;base64,PHN2ZyB3aWR0aD0iMSIgaGVpZ2h0PSIxIiB4bWxucz0iaHR0cDovL3d3dy53My5vcmcvMjAwMC9zdmciPjwvc3ZnPg==\" style=\"--smush-placeholder-width: 1024px; --smush-placeholder-aspect-ratio: 1024\/819;\" \/><\/figure><\/div>\n\n\n\n<hr class=\"wp-block-separator has-css-opacity\"\/>\n\n\n\n<div class=\"wp-block-media-text alignfull is-stacked-on-mobile\" style=\"grid-template-columns:44% auto\"><figure class=\"wp-block-media-text__media\"><img decoding=\"async\" width=\"1024\" height=\"819\" data-src=\"https:\/\/gamotech.ca\/wp-content\/uploads\/2022\/05\/truck-adjusted-1024x819.jpg\" alt=\"\" class=\"wp-image-1310 size-full lazyload\" data-srcset=\"https:\/\/gamotech.ca\/wp-content\/uploads\/2022\/05\/truck-adjusted-1024x819.jpg 1024w, https:\/\/gamotech.ca\/wp-content\/uploads\/2022\/05\/truck-adjusted-300x240.jpg 300w, https:\/\/gamotech.ca\/wp-content\/uploads\/2022\/05\/truck-adjusted-768x615.jpg 768w, https:\/\/gamotech.ca\/wp-content\/uploads\/2022\/05\/truck-adjusted-1536x1229.jpg 1536w, https:\/\/gamotech.ca\/wp-content\/uploads\/2022\/05\/truck-adjusted-2048x1639.jpg 2048w, https:\/\/gamotech.ca\/wp-content\/uploads\/2022\/05\/truck-adjusted-15x12.jpg 15w\" data-sizes=\"auto, (max-width: 1024px) 100vw, 1024px\" src=\"data:image\/svg+xml;base64,PHN2ZyB3aWR0aD0iMSIgaGVpZ2h0PSIxIiB4bWxucz0iaHR0cDovL3d3dy53My5vcmcvMjAwMC9zdmciPjwvc3ZnPg==\" style=\"--smush-placeholder-width: 1024px; --smush-placeholder-aspect-ratio: 1024\/819;\" \/><\/figure><div class=\"wp-block-media-text__content\">\n<h2 class=\"wp-block-heading has-large-font-size\">NUESTRA VISI\u00d3N<\/h2>\n\n\n\n<p class=\"has-text-align-left\" style=\"font-size:clamp(14px, 0.875rem + ((1vw - 3.2px) * 0.313), 18px);\">Nuestro objetivo es trabajar de la mano con la industria de camiones para electrificar todos los sistemas auxiliares en camiones de mantenimiento, utilitarios, vocacionales y especiales en Am\u00e9rica del Norte y m\u00e1s all\u00e1.&nbsp;<br><br>Entendemos que los camiones de cero emisiones est\u00e1n en pa\u00f1ales, por lo que comenzaremos brindando soluciones h\u00edbridas que puedan reducir las emisiones de carbono y el consumo de combustible. <strong>hoy dia<\/strong>.<\/p>\n<\/div><\/div>\n\n\n\n<div class=\"wp-block-media-text alignwide has-media-on-the-right is-stacked-on-mobile\" style=\"grid-template-columns:auto 45%\"><div class=\"wp-block-media-text__content\">\n<h2 class=\"wp-block-heading\">NUESTRA HISTORIA<\/h2>\n\n\n\n<p style=\"font-size:clamp(14px, 0.875rem + ((1vw - 3.2px) * 0.313), 18px);\">Our founder Olivier Brault traveled around the world, participating in the construction of the world&#8217;s largest EV and battery factories. During all this time, he nurtured the vision to replace diesel power on construction sites with clean energy.  <br><br>Combining more than 20 years&#8217; experience in the industry with our innovative executive team, we are bringing to life his dream of providing a zero-emission solution to the market and help municipalities and construction companies become more sustainable.<\/p>\n<\/div><figure class=\"wp-block-media-text__media\"><img decoding=\"async\" width=\"1024\" height=\"723\" data-src=\"https:\/\/gamotech.ca\/wp-content\/uploads\/2024\/04\/Picture1-1024x723.png\" alt=\"\" class=\"wp-image-1449 size-full lazyload\" data-srcset=\"https:\/\/gamotech.ca\/wp-content\/uploads\/2024\/04\/Picture1-1024x723.png 1024w, https:\/\/gamotech.ca\/wp-content\/uploads\/2024\/04\/Picture1-300x212.png 300w, https:\/\/gamotech.ca\/wp-content\/uploads\/2024\/04\/Picture1-768x543.png 768w, https:\/\/gamotech.ca\/wp-content\/uploads\/2024\/04\/Picture1-1536x1085.png 1536w, https:\/\/gamotech.ca\/wp-content\/uploads\/2024\/04\/Picture1-2048x1447.png 2048w, https:\/\/gamotech.ca\/wp-content\/uploads\/2024\/04\/Picture1-18x12.png 18w\" data-sizes=\"auto, (max-width: 1024px) 100vw, 1024px\" src=\"data:image\/svg+xml;base64,PHN2ZyB3aWR0aD0iMSIgaGVpZ2h0PSIxIiB4bWxucz0iaHR0cDovL3d3dy53My5vcmcvMjAwMC9zdmciPjwvc3ZnPg==\" style=\"--smush-placeholder-width: 1024px; --smush-placeholder-aspect-ratio: 1024\/723;\" \/><\/figure><\/div>","protected":false},"excerpt":{"rendered":"<p>OUR MISSION We are here to develop and commercialize systems that can reduce carbon emissions today for municipal and commercial fleets.&nbsp; We understand the budget pressure of our municipalities, so we constantly optimize our solutions to provide the best Total Ownership Cost on the market.&nbsp; We relentlessly develop our expertise in electrification and digitization through [&hellip;]<\/p>\n","protected":false},"author":1,"featured_media":0,"parent":0,"menu_order":0,"comment_status":"closed","ping_status":"closed","template":"","meta":{"_acf_changed":false,"_coblocks_attr":"","_coblocks_dimensions":"{\"coblocks-hero-417154259180\":{\"padding\":{\"paddingBottom\":\"10vh\",\"paddingBottomMobile\":null,\"paddingBottomTablet\":null,\"paddingLeft\":\"10vh\",\"paddingLeftMobile\":null,\"paddingLeftTablet\":null,\"paddingRight\":\"10vh\",\"paddingRightMobile\":null,\"paddingRightTablet\":null,\"paddingTop\":\"10vh\",\"paddingTopMobile\":null,\"paddingTopTablet\":null}}}","_coblocks_responsive_height":"","_coblocks_accordion_ie_support":"","om_disable_all_campaigns":false,"_monsterinsights_skip_tracking":false,"_monsterinsights_sitenote_active":false,"_monsterinsights_sitenote_note":"","_monsterinsights_sitenote_category":0,"_uf_show_specific_survey":0,"_uf_disable_surveys":false,"footnotes":""},"class_list":["post-327","page","type-page","status-publish","hentry"],"blocksy_meta":{"styles_descriptor":{"styles":{"desktop":"","tablet":"","mobile":""},"google_fonts":[],"version":6}},"acf":[],"yoast_head":"<!-- This site is optimized with the Yoast SEO plugin v27.4 - https:\/\/yoast.com\/product\/yoast-seo-wordpress\/ -->\n<title>Mission, Vision and History - Gamotech.ca<\/title>\n<meta name=\"robots\" content=\"index, follow, max-snippet:-1, max-image-preview:large, max-video-preview:-1\" \/>\n<link rel=\"canonical\" href=\"https:\/\/gamotech.ca\/es\/mission-vision-and-history\/\" \/>\n<meta property=\"og:locale\" content=\"es_MX\" \/>\n<meta property=\"og:type\" content=\"article\" \/>\n<meta property=\"og:title\" content=\"Mission, Vision and History - Gamotech.ca\" \/>\n<meta property=\"og:description\" content=\"OUR MISSION We are here to develop and commercialize systems that can reduce carbon emissions today for municipal and commercial fleets.&nbsp; We understand the budget pressure of our municipalities, so we constantly optimize our solutions to provide the best Total Ownership Cost on the market.&nbsp; We relentlessly develop our expertise in electrification and digitization through [&hellip;]\" \/>\n<meta property=\"og:url\" content=\"https:\/\/gamotech.ca\/es\/mission-vision-and-history\/\" \/>\n<meta property=\"og:site_name\" content=\"Gamotech.ca\" \/>\n<meta property=\"article:modified_time\" content=\"2024-04-16T13:55:40+00:00\" \/>\n<meta property=\"og:image\" content=\"https:\/\/gamotech.ca\/wp-content\/uploads\/2022\/05\/montreal-picture-by-mariana-widescreen-1024x819.jpg\" \/>\n<meta name=\"twitter:card\" content=\"summary_large_image\" \/>\n<meta name=\"twitter:label1\" content=\"Tiempo de lectura\" \/>\n\t<meta name=\"twitter:data1\" content=\"2 minutos\" \/>\n<script type=\"application\/ld+json\" class=\"yoast-schema-graph\">{\"@context\":\"https:\\\/\\\/schema.org\",\"@graph\":[{\"@type\":\"WebPage\",\"@id\":\"https:\\\/\\\/gamotech.ca\\\/mission-vision-and-history\\\/\",\"url\":\"https:\\\/\\\/gamotech.ca\\\/mission-vision-and-history\\\/\",\"name\":\"Mission, Vision and History - Gamotech.ca\",\"isPartOf\":{\"@id\":\"https:\\\/\\\/gamotech.ca\\\/#website\"},\"primaryImageOfPage\":{\"@id\":\"https:\\\/\\\/gamotech.ca\\\/mission-vision-and-history\\\/#primaryimage\"},\"image\":{\"@id\":\"https:\\\/\\\/gamotech.ca\\\/mission-vision-and-history\\\/#primaryimage\"},\"thumbnailUrl\":\"https:\\\/\\\/gamotech.ca\\\/wp-content\\\/uploads\\\/2022\\\/05\\\/montreal-picture-by-mariana-widescreen-1024x819.jpg\",\"datePublished\":\"2022-03-31T16:24:23+00:00\",\"dateModified\":\"2024-04-16T13:55:40+00:00\",\"breadcrumb\":{\"@id\":\"https:\\\/\\\/gamotech.ca\\\/mission-vision-and-history\\\/#breadcrumb\"},\"inLanguage\":\"es\",\"potentialAction\":[{\"@type\":\"ReadAction\",\"target\":[\"https:\\\/\\\/gamotech.ca\\\/mission-vision-and-history\\\/\"]}]},{\"@type\":\"ImageObject\",\"inLanguage\":\"es\",\"@id\":\"https:\\\/\\\/gamotech.ca\\\/mission-vision-and-history\\\/#primaryimage\",\"url\":\"https:\\\/\\\/gamotech.ca\\\/wp-content\\\/uploads\\\/2022\\\/05\\\/montreal-picture-by-mariana-widescreen-1024x819.jpg\",\"contentUrl\":\"https:\\\/\\\/gamotech.ca\\\/wp-content\\\/uploads\\\/2022\\\/05\\\/montreal-picture-by-mariana-widescreen-1024x819.jpg\"},{\"@type\":\"BreadcrumbList\",\"@id\":\"https:\\\/\\\/gamotech.ca\\\/mission-vision-and-history\\\/#breadcrumb\",\"itemListElement\":[{\"@type\":\"ListItem\",\"position\":1,\"name\":\"Home\",\"item\":\"https:\\\/\\\/gamotech.ca\\\/\"},{\"@type\":\"ListItem\",\"position\":2,\"name\":\"Mission, Vision and History\"}]},{\"@type\":\"WebSite\",\"@id\":\"https:\\\/\\\/gamotech.ca\\\/#website\",\"url\":\"https:\\\/\\\/gamotech.ca\\\/\",\"name\":\"Gamotech.ca\",\"description\":\"ELECTRIFY MOBILE WORKSITES\",\"publisher\":{\"@id\":\"https:\\\/\\\/gamotech.ca\\\/#organization\"},\"potentialAction\":[{\"@type\":\"SearchAction\",\"target\":{\"@type\":\"EntryPoint\",\"urlTemplate\":\"https:\\\/\\\/gamotech.ca\\\/?s={search_term_string}\"},\"query-input\":{\"@type\":\"PropertyValueSpecification\",\"valueRequired\":true,\"valueName\":\"search_term_string\"}}],\"inLanguage\":\"es\"},{\"@type\":\"Organization\",\"@id\":\"https:\\\/\\\/gamotech.ca\\\/#organization\",\"name\":\"Gamotech.ca\",\"url\":\"https:\\\/\\\/gamotech.ca\\\/\",\"logo\":{\"@type\":\"ImageObject\",\"inLanguage\":\"es\",\"@id\":\"https:\\\/\\\/gamotech.ca\\\/#\\\/schema\\\/logo\\\/image\\\/\",\"url\":\"https:\\\/\\\/gamotech.ca\\\/wp-content\\\/uploads\\\/2022\\\/05\\\/Logo_couleur-scaled.jpg\",\"contentUrl\":\"https:\\\/\\\/gamotech.ca\\\/wp-content\\\/uploads\\\/2022\\\/05\\\/Logo_couleur-scaled.jpg\",\"width\":2560,\"height\":503,\"caption\":\"Gamotech.ca\"},\"image\":{\"@id\":\"https:\\\/\\\/gamotech.ca\\\/#\\\/schema\\\/logo\\\/image\\\/\"}}]}<\/script>\n<!-- \/ Yoast SEO plugin. -->","yoast_head_json":{"title":"Misi\u00f3n, Visi\u00f3n e Historia - Gamotech.ca","robots":{"index":"index","follow":"follow","max-snippet":"max-snippet:-1","max-image-preview":"max-image-preview:large","max-video-preview":"max-video-preview:-1"},"canonical":"https:\/\/gamotech.ca\/es\/mission-vision-and-history\/","og_locale":"es_MX","og_type":"article","og_title":"Mission, Vision and History - Gamotech.ca","og_description":"OUR MISSION We are here to develop and commercialize systems that can reduce carbon emissions today for municipal and commercial fleets.&nbsp; We understand the budget pressure of our municipalities, so we constantly optimize our solutions to provide the best Total Ownership Cost on the market.&nbsp; We relentlessly develop our expertise in electrification and digitization through [&hellip;]","og_url":"https:\/\/gamotech.ca\/es\/mission-vision-and-history\/","og_site_name":"Gamotech.ca","article_modified_time":"2024-04-16T13:55:40+00:00","og_image":[{"url":"https:\/\/gamotech.ca\/wp-content\/uploads\/2022\/05\/montreal-picture-by-mariana-widescreen-1024x819.jpg","type":"","width":"","height":""}],"twitter_card":"summary_large_image","twitter_misc":{"Tiempo de lectura":"2 minutos"},"schema":{"@context":"https:\/\/schema.org","@graph":[{"@type":"WebPage","@id":"https:\/\/gamotech.ca\/mission-vision-and-history\/","url":"https:\/\/gamotech.ca\/mission-vision-and-history\/","name":"Misi\u00f3n, Visi\u00f3n e Historia - Gamotech.ca","isPartOf":{"@id":"https:\/\/gamotech.ca\/#website"},"primaryImageOfPage":{"@id":"https:\/\/gamotech.ca\/mission-vision-and-history\/#primaryimage"},"image":{"@id":"https:\/\/gamotech.ca\/mission-vision-and-history\/#primaryimage"},"thumbnailUrl":"https:\/\/gamotech.ca\/wp-content\/uploads\/2022\/05\/montreal-picture-by-mariana-widescreen-1024x819.jpg","datePublished":"2022-03-31T16:24:23+00:00","dateModified":"2024-04-16T13:55:40+00:00","breadcrumb":{"@id":"https:\/\/gamotech.ca\/mission-vision-and-history\/#breadcrumb"},"inLanguage":"es","potentialAction":[{"@type":"ReadAction","target":["https:\/\/gamotech.ca\/mission-vision-and-history\/"]}]},{"@type":"ImageObject","inLanguage":"es","@id":"https:\/\/gamotech.ca\/mission-vision-and-history\/#primaryimage","url":"https:\/\/gamotech.ca\/wp-content\/uploads\/2022\/05\/montreal-picture-by-mariana-widescreen-1024x819.jpg","contentUrl":"https:\/\/gamotech.ca\/wp-content\/uploads\/2022\/05\/montreal-picture-by-mariana-widescreen-1024x819.jpg"},{"@type":"BreadcrumbList","@id":"https:\/\/gamotech.ca\/mission-vision-and-history\/#breadcrumb","itemListElement":[{"@type":"ListItem","position":1,"name":"Home","item":"https:\/\/gamotech.ca\/"},{"@type":"ListItem","position":2,"name":"Mission, Vision and History"}]},{"@type":"WebSite","@id":"https:\/\/gamotech.ca\/#website","url":"https:\/\/gamotech.ca\/","name":"Gamotech.ca","description":"ELECTRIFICAR LOS LUGARES DE TRABAJO M\u00d3VILES","publisher":{"@id":"https:\/\/gamotech.ca\/#organization"},"potentialAction":[{"@type":"SearchAction","target":{"@type":"EntryPoint","urlTemplate":"https:\/\/gamotech.ca\/?s={search_term_string}"},"query-input":{"@type":"PropertyValueSpecification","valueRequired":true,"valueName":"search_term_string"}}],"inLanguage":"es"},{"@type":"Organization","@id":"https:\/\/gamotech.ca\/#organization","name":"Gamotech.ca","url":"https:\/\/gamotech.ca\/","logo":{"@type":"ImageObject","inLanguage":"es","@id":"https:\/\/gamotech.ca\/#\/schema\/logo\/image\/","url":"https:\/\/gamotech.ca\/wp-content\/uploads\/2022\/05\/Logo_couleur-scaled.jpg","contentUrl":"https:\/\/gamotech.ca\/wp-content\/uploads\/2022\/05\/Logo_couleur-scaled.jpg","width":2560,"height":503,"caption":"Gamotech.ca"},"image":{"@id":"https:\/\/gamotech.ca\/#\/schema\/logo\/image\/"}}]}},"_links":{"self":[{"href":"https:\/\/gamotech.ca\/es\/wp-json\/wp\/v2\/pages\/327","targetHints":{"allow":["GET"]}}],"collection":[{"href":"https:\/\/gamotech.ca\/es\/wp-json\/wp\/v2\/pages"}],"about":[{"href":"https:\/\/gamotech.ca\/es\/wp-json\/wp\/v2\/types\/page"}],"author":[{"embeddable":true,"href":"https:\/\/gamotech.ca\/es\/wp-json\/wp\/v2\/users\/1"}],"replies":[{"embeddable":true,"href":"https:\/\/gamotech.ca\/es\/wp-json\/wp\/v2\/comments?post=327"}],"version-history":[{"count":38,"href":"https:\/\/gamotech.ca\/es\/wp-json\/wp\/v2\/pages\/327\/revisions"}],"predecessor-version":[{"id":1451,"href":"https:\/\/gamotech.ca\/es\/wp-json\/wp\/v2\/pages\/327\/revisions\/1451"}],"wp:attachment":[{"href":"https:\/\/gamotech.ca\/es\/wp-json\/wp\/v2\/media?parent=327"}],"curies":[{"name":"wp","href":"https:\/\/api.w.org\/{rel}","templated":true}]}}