{"id":328,"date":"2022-03-31T16:24:23","date_gmt":"2022-03-31T16:24:23","guid":{"rendered":"https:\/\/gamotech.ca\/?page_id=328"},"modified":"2023-07-06T22:01:53","modified_gmt":"2023-07-06T22:01:53","slug":"management-team","status":"publish","type":"page","link":"https:\/\/gamotech.ca\/es\/management-team\/","title":{"rendered":"Equipo Directivo"},"content":{"rendered":"<div class=\"wp-block-coblocks-hero alignfull coblocks-hero-419191421899\"><div class=\"wp-block-coblocks-hero__inner has-background-overlay bg-cover has-background-image bg-no-repeat bg-center-center has-background-overlay-20 hero-center-center-align has-padding has-huge-padding has-center-content is-fullscreen lazyload\" style=\"background-image:inherit\" data-bg-image=\"url(https:\/\/gamotech.ca\/wp-content\/uploads\/2022\/05\/qtq80-VKtlVF.jpeg)\"><div class=\"wp-block-coblocks-hero__content-wrapper\"><div class=\"wp-block-coblocks-hero__content\" style=\"max-width:1000px\">\n<h2 class=\"wp-block-heading has-palette-color-8-color has-text-color\" style=\"font-size:clamp(1.696rem, 1.696rem + ((1vw - 0.2rem) * 1.505), 2.9rem);\">Conozca a nuestro equipo<\/h2>\n\n\n\n<p class=\"has-palette-color-8-color has-text-color\" style=\"font-size:clamp(1.198rem, 1.198rem + ((1vw - 0.2rem) * 0.878), 1.9rem);\">Primero, viene la visi\u00f3n de utilizar la tecnolog\u00eda para luchar contra el cambio clim\u00e1tico. Luego viene la necesidad de reunir un equipo de personas ambiciosas y talentosas para tener un impacto positivo en el mundo hoy.<\/p>\n<\/div><\/div><\/div><\/div>\n\n\n\n<div class=\"wp-block-columns alignwide is-layout-flex wp-container-core-columns-is-layout-28f84493 wp-block-columns-is-layout-flex\">\n<div class=\"wp-block-column is-layout-flow wp-block-column-is-layout-flow\">\n<figure class=\"wp-block-image aligncenter size-large is-resized\"><img decoding=\"async\" data-src=\"https:\/\/gamotech.ca\/wp-content\/uploads\/2022\/03\/Olivier-Portrait-731x1024.jpg\" alt=\"\" class=\"wp-image-387 lazyload\" width=\"243\" height=\"341\" data-srcset=\"https:\/\/gamotech.ca\/wp-content\/uploads\/2022\/03\/Olivier-Portrait-731x1024.jpg 731w, https:\/\/gamotech.ca\/wp-content\/uploads\/2022\/03\/Olivier-Portrait-214x300.jpg 214w, https:\/\/gamotech.ca\/wp-content\/uploads\/2022\/03\/Olivier-Portrait-768x1075.jpg 768w, https:\/\/gamotech.ca\/wp-content\/uploads\/2022\/03\/Olivier-Portrait-1097x1536.jpg 1097w, https:\/\/gamotech.ca\/wp-content\/uploads\/2022\/03\/Olivier-Portrait-1463x2048.jpg 1463w, https:\/\/gamotech.ca\/wp-content\/uploads\/2022\/03\/Olivier-Portrait-9x12.jpg 9w, https:\/\/gamotech.ca\/wp-content\/uploads\/2022\/03\/Olivier-Portrait-scaled.jpg 1828w\" data-sizes=\"auto, (max-width: 243px) 100vw, 243px\" src=\"data:image\/svg+xml;base64,PHN2ZyB3aWR0aD0iMSIgaGVpZ2h0PSIxIiB4bWxucz0iaHR0cDovL3d3dy53My5vcmcvMjAwMC9zdmciPjwvc3ZnPg==\" style=\"--smush-placeholder-width: 243px; --smush-placeholder-aspect-ratio: 243\/341;\" \/><\/figure>\n\n\n\n<h2 class=\"wp-block-heading\">Olivier Brault<\/h2>\n\n\n\n<p class=\"has-medium-font-size\"><strong>Presidente y CEO<\/strong><\/p>\n\n\n\n<p>Olivier tiene m\u00e1s de 20 a\u00f1os de experiencia en la creaci\u00f3n de empresas internacionales en el sector de alta tecnolog\u00eda.&nbsp;<br><br>Armed with a Computer Engineering degree from McGill University and a finance background, Olivier traveled the world from an early age to discover how business can use technology to bridge cultures and protect our planet. Through his work experience in Canada, Europe and Asia, Olivier is well positioned to create sustainable partnerships globally and help businesses and governments reach their carbon emission targets. Three times intrapreneur, once to bring to Asia an affordable diagnostic instrument for detecting infectious diseases, then to help airlines reduce their fuel consumption, and lastly to increase energy efficiency of buildings, Olivier is not afraid to tackle new problems.<br><br>Olivier regres\u00f3 a su ciudad natal de Montreal para establecer Gamotech y abordar el problema apremiante del cambio clim\u00e1tico a trav\u00e9s de la innovaci\u00f3n. Gran comunicador, Olivier habla con fluidez franc\u00e9s, ingl\u00e9s, italiano, espa\u00f1ol y chino. Su visi\u00f3n es reducir dr\u00e1sticamente las emisiones de carbono en obras municipales y mantenimiento comercial mediante el desarrollo de soluciones electrificadas de cero emisiones.<\/p>\n<\/div>\n\n\n\n<div class=\"wp-block-column is-layout-flow wp-block-column-is-layout-flow\">\n<figure class=\"wp-block-image aligncenter size-full is-resized\"><img decoding=\"async\" data-src=\"https:\/\/gamotech.ca\/wp-content\/uploads\/2022\/03\/Guillaume-Portrait-2.jpg\" alt=\"\" class=\"wp-image-390 lazyload\" width=\"341\" height=\"341\" data-srcset=\"https:\/\/gamotech.ca\/wp-content\/uploads\/2022\/03\/Guillaume-Portrait-2.jpg 280w, https:\/\/gamotech.ca\/wp-content\/uploads\/2022\/03\/Guillaume-Portrait-2-150x150.jpg 150w, https:\/\/gamotech.ca\/wp-content\/uploads\/2022\/03\/Guillaume-Portrait-2-12x12.jpg 12w\" data-sizes=\"auto, (max-width: 341px) 100vw, 341px\" src=\"data:image\/svg+xml;base64,PHN2ZyB3aWR0aD0iMSIgaGVpZ2h0PSIxIiB4bWxucz0iaHR0cDovL3d3dy53My5vcmcvMjAwMC9zdmciPjwvc3ZnPg==\" style=\"--smush-placeholder-width: 341px; --smush-placeholder-aspect-ratio: 341\/341;\" \/><\/figure>\n\n\n\n<h2 class=\"wp-block-heading\">Guillermo Fortier<\/h2>\n\n\n\n<p class=\"has-medium-font-size\"><strong>Vicepresidente de Operaciones<\/strong><\/p>\n\n\n\n<p>Graduado con una Maestr\u00eda en Ingenier\u00eda Mec\u00e1nica con especializaci\u00f3n en dise\u00f1o y desarrollo sostenible, Guillaume tiene m\u00e1s de 5 a\u00f1os de experiencia en el campo de la alta tecnolog\u00eda. <br><br>Guillaume jug\u00f3 un papel decisivo en el establecimiento de las operaciones de la empresa en Montreal, donde se encuentran nuestro centro de administraci\u00f3n, I+D y montaje.<\/p>\n<\/div>\n\n\n\n<div class=\"wp-block-column is-layout-flow wp-block-column-is-layout-flow\">\n<figure class=\"wp-block-image aligncenter size-large is-resized\"><img decoding=\"async\" data-src=\"https:\/\/gamotech.ca\/wp-content\/uploads\/2022\/07\/Marc-Feng-Portrait-Square-1024x1024.jpg\" alt=\"\" class=\"wp-image-1366 lazyload\" width=\"340\" height=\"341\" data-srcset=\"https:\/\/gamotech.ca\/wp-content\/uploads\/2022\/07\/Marc-Feng-Portrait-Square-1024x1024.jpg 1024w, https:\/\/gamotech.ca\/wp-content\/uploads\/2022\/07\/Marc-Feng-Portrait-Square-300x300.jpg 300w, https:\/\/gamotech.ca\/wp-content\/uploads\/2022\/07\/Marc-Feng-Portrait-Square-150x150.jpg 150w, https:\/\/gamotech.ca\/wp-content\/uploads\/2022\/07\/Marc-Feng-Portrait-Square-768x769.jpg 768w, https:\/\/gamotech.ca\/wp-content\/uploads\/2022\/07\/Marc-Feng-Portrait-Square-12x12.jpg 12w, https:\/\/gamotech.ca\/wp-content\/uploads\/2022\/07\/Marc-Feng-Portrait-Square.jpg 1534w\" data-sizes=\"auto, (max-width: 340px) 100vw, 340px\" src=\"data:image\/svg+xml;base64,PHN2ZyB3aWR0aD0iMSIgaGVpZ2h0PSIxIiB4bWxucz0iaHR0cDovL3d3dy53My5vcmcvMjAwMC9zdmciPjwvc3ZnPg==\" style=\"--smush-placeholder-width: 340px; --smush-placeholder-aspect-ratio: 340\/341;\" \/><\/figure>\n\n\n\n<h2 class=\"wp-block-heading\">Marc Feng Guohai<\/h2>\n\n\n\n<p class=\"has-medium-font-size\"><strong>Gerente de I+D<\/strong><\/p>\n\n\n\n<p>Marc tiene 16 a\u00f1os de experiencia en el dise\u00f1o de unidades de potencia m\u00f3viles as\u00ed como otras tecnolog\u00edas electromec\u00e1nicas.&nbsp;<br><br>Marc es un jugador clave que llev\u00f3 nuestra idea inicial desde el tablero de dibujo a un producto real que puede reducir dr\u00e1sticamente las emisiones de carbono.<\/p>\n<\/div>\n<\/div>","protected":false},"excerpt":{"rendered":"<p>Olivier Brault President &amp; CEO Olivier has more than 20 years&#8217; experience in setting up international business in the high technology sector.&nbsp; Armed with a Computer Engineering degree from McGill University and a finance background, Olivier traveled the world from an early age to discover how business can use technology to bridge cultures and protect [&hellip;]<\/p>\n","protected":false},"author":1,"featured_media":0,"parent":0,"menu_order":0,"comment_status":"closed","ping_status":"closed","template":"","meta":{"_acf_changed":false,"_coblocks_attr":"","_coblocks_dimensions":"{\"coblocks-hero-419191421899\":{\"padding\":{}}}","_coblocks_responsive_height":"","_coblocks_accordion_ie_support":"","om_disable_all_campaigns":false,"_monsterinsights_skip_tracking":false,"_monsterinsights_sitenote_active":false,"_monsterinsights_sitenote_note":"","_monsterinsights_sitenote_category":0,"_uf_show_specific_survey":0,"_uf_disable_surveys":false,"footnotes":""},"class_list":["post-328","page","type-page","status-publish","hentry"],"blocksy_meta":{"styles_descriptor":{"styles":{"desktop":"","tablet":"","mobile":""},"google_fonts":[],"version":6}},"acf":[],"yoast_head":"<!-- This site is optimized with the Yoast SEO plugin v27.5 - https:\/\/yoast.com\/product\/yoast-seo-wordpress\/ -->\n<title>Management Team - Gamotech.ca<\/title>\n<meta name=\"robots\" content=\"index, follow, max-snippet:-1, max-image-preview:large, max-video-preview:-1\" \/>\n<link rel=\"canonical\" href=\"https:\/\/gamotech.ca\/es\/management-team\/\" \/>\n<meta property=\"og:locale\" content=\"es_MX\" \/>\n<meta property=\"og:type\" content=\"article\" \/>\n<meta property=\"og:title\" content=\"Management Team - Gamotech.ca\" \/>\n<meta property=\"og:description\" content=\"Olivier Brault President &amp; CEO Olivier has more than 20 years&#8217; experience in setting up international business in the high technology sector.&nbsp; Armed with a Computer Engineering degree from McGill University and a finance background, Olivier traveled the world from an early age to discover how business can use technology to bridge cultures and protect [&hellip;]\" \/>\n<meta property=\"og:url\" content=\"https:\/\/gamotech.ca\/es\/management-team\/\" \/>\n<meta property=\"og:site_name\" content=\"Gamotech.ca\" \/>\n<meta property=\"article:modified_time\" content=\"2023-07-06T22:01:53+00:00\" \/>\n<meta property=\"og:image\" content=\"https:\/\/gamotech.ca\/wp-content\/uploads\/2022\/03\/Olivier-Portrait-731x1024.jpg\" \/>\n<meta name=\"twitter:card\" content=\"summary_large_image\" \/>\n<meta name=\"twitter:label1\" content=\"Tiempo de lectura\" \/>\n\t<meta name=\"twitter:data1\" content=\"2 minutos\" \/>\n<script type=\"application\/ld+json\" class=\"yoast-schema-graph\">{\"@context\":\"https:\\\/\\\/schema.org\",\"@graph\":[{\"@type\":\"WebPage\",\"@id\":\"https:\\\/\\\/gamotech.ca\\\/management-team\\\/\",\"url\":\"https:\\\/\\\/gamotech.ca\\\/management-team\\\/\",\"name\":\"Management Team - Gamotech.ca\",\"isPartOf\":{\"@id\":\"https:\\\/\\\/gamotech.ca\\\/#website\"},\"primaryImageOfPage\":{\"@id\":\"https:\\\/\\\/gamotech.ca\\\/management-team\\\/#primaryimage\"},\"image\":{\"@id\":\"https:\\\/\\\/gamotech.ca\\\/management-team\\\/#primaryimage\"},\"thumbnailUrl\":\"https:\\\/\\\/gamotech.ca\\\/wp-content\\\/uploads\\\/2022\\\/03\\\/Olivier-Portrait-731x1024.jpg\",\"datePublished\":\"2022-03-31T16:24:23+00:00\",\"dateModified\":\"2023-07-06T22:01:53+00:00\",\"breadcrumb\":{\"@id\":\"https:\\\/\\\/gamotech.ca\\\/management-team\\\/#breadcrumb\"},\"inLanguage\":\"es\",\"potentialAction\":[{\"@type\":\"ReadAction\",\"target\":[\"https:\\\/\\\/gamotech.ca\\\/management-team\\\/\"]}]},{\"@type\":\"ImageObject\",\"inLanguage\":\"es\",\"@id\":\"https:\\\/\\\/gamotech.ca\\\/management-team\\\/#primaryimage\",\"url\":\"https:\\\/\\\/gamotech.ca\\\/wp-content\\\/uploads\\\/2022\\\/03\\\/Olivier-Portrait-731x1024.jpg\",\"contentUrl\":\"https:\\\/\\\/gamotech.ca\\\/wp-content\\\/uploads\\\/2022\\\/03\\\/Olivier-Portrait-731x1024.jpg\"},{\"@type\":\"BreadcrumbList\",\"@id\":\"https:\\\/\\\/gamotech.ca\\\/management-team\\\/#breadcrumb\",\"itemListElement\":[{\"@type\":\"ListItem\",\"position\":1,\"name\":\"Home\",\"item\":\"https:\\\/\\\/gamotech.ca\\\/\"},{\"@type\":\"ListItem\",\"position\":2,\"name\":\"Management Team\"}]},{\"@type\":\"WebSite\",\"@id\":\"https:\\\/\\\/gamotech.ca\\\/#website\",\"url\":\"https:\\\/\\\/gamotech.ca\\\/\",\"name\":\"Gamotech.ca\",\"description\":\"ELECTRIFY MOBILE WORKSITES\",\"publisher\":{\"@id\":\"https:\\\/\\\/gamotech.ca\\\/#organization\"},\"potentialAction\":[{\"@type\":\"SearchAction\",\"target\":{\"@type\":\"EntryPoint\",\"urlTemplate\":\"https:\\\/\\\/gamotech.ca\\\/?s={search_term_string}\"},\"query-input\":{\"@type\":\"PropertyValueSpecification\",\"valueRequired\":true,\"valueName\":\"search_term_string\"}}],\"inLanguage\":\"es\"},{\"@type\":\"Organization\",\"@id\":\"https:\\\/\\\/gamotech.ca\\\/#organization\",\"name\":\"Gamotech.ca\",\"url\":\"https:\\\/\\\/gamotech.ca\\\/\",\"logo\":{\"@type\":\"ImageObject\",\"inLanguage\":\"es\",\"@id\":\"https:\\\/\\\/gamotech.ca\\\/#\\\/schema\\\/logo\\\/image\\\/\",\"url\":\"https:\\\/\\\/gamotech.ca\\\/wp-content\\\/uploads\\\/2022\\\/05\\\/Logo_couleur-scaled.jpg\",\"contentUrl\":\"https:\\\/\\\/gamotech.ca\\\/wp-content\\\/uploads\\\/2022\\\/05\\\/Logo_couleur-scaled.jpg\",\"width\":2560,\"height\":503,\"caption\":\"Gamotech.ca\"},\"image\":{\"@id\":\"https:\\\/\\\/gamotech.ca\\\/#\\\/schema\\\/logo\\\/image\\\/\"}}]}<\/script>\n<!-- \/ Yoast SEO plugin. -->","yoast_head_json":{"title":"Equipo Directivo - Gamotech.ca","robots":{"index":"index","follow":"follow","max-snippet":"max-snippet:-1","max-image-preview":"max-image-preview:large","max-video-preview":"max-video-preview:-1"},"canonical":"https:\/\/gamotech.ca\/es\/management-team\/","og_locale":"es_MX","og_type":"article","og_title":"Management Team - Gamotech.ca","og_description":"Olivier Brault President &amp; CEO Olivier has more than 20 years&#8217; experience in setting up international business in the high technology sector.&nbsp; Armed with a Computer Engineering degree from McGill University and a finance background, Olivier traveled the world from an early age to discover how business can use technology to bridge cultures and protect [&hellip;]","og_url":"https:\/\/gamotech.ca\/es\/management-team\/","og_site_name":"Gamotech.ca","article_modified_time":"2023-07-06T22:01:53+00:00","og_image":[{"url":"https:\/\/gamotech.ca\/wp-content\/uploads\/2022\/03\/Olivier-Portrait-731x1024.jpg","type":"","width":"","height":""}],"twitter_card":"summary_large_image","twitter_misc":{"Tiempo de lectura":"2 minutos"},"schema":{"@context":"https:\/\/schema.org","@graph":[{"@type":"WebPage","@id":"https:\/\/gamotech.ca\/management-team\/","url":"https:\/\/gamotech.ca\/management-team\/","name":"Equipo Directivo - Gamotech.ca","isPartOf":{"@id":"https:\/\/gamotech.ca\/#website"},"primaryImageOfPage":{"@id":"https:\/\/gamotech.ca\/management-team\/#primaryimage"},"image":{"@id":"https:\/\/gamotech.ca\/management-team\/#primaryimage"},"thumbnailUrl":"https:\/\/gamotech.ca\/wp-content\/uploads\/2022\/03\/Olivier-Portrait-731x1024.jpg","datePublished":"2022-03-31T16:24:23+00:00","dateModified":"2023-07-06T22:01:53+00:00","breadcrumb":{"@id":"https:\/\/gamotech.ca\/management-team\/#breadcrumb"},"inLanguage":"es","potentialAction":[{"@type":"ReadAction","target":["https:\/\/gamotech.ca\/management-team\/"]}]},{"@type":"ImageObject","inLanguage":"es","@id":"https:\/\/gamotech.ca\/management-team\/#primaryimage","url":"https:\/\/gamotech.ca\/wp-content\/uploads\/2022\/03\/Olivier-Portrait-731x1024.jpg","contentUrl":"https:\/\/gamotech.ca\/wp-content\/uploads\/2022\/03\/Olivier-Portrait-731x1024.jpg"},{"@type":"BreadcrumbList","@id":"https:\/\/gamotech.ca\/management-team\/#breadcrumb","itemListElement":[{"@type":"ListItem","position":1,"name":"Home","item":"https:\/\/gamotech.ca\/"},{"@type":"ListItem","position":2,"name":"Management Team"}]},{"@type":"WebSite","@id":"https:\/\/gamotech.ca\/#website","url":"https:\/\/gamotech.ca\/","name":"Gamotech.ca","description":"ELECTRIFICAR LOS LUGARES DE TRABAJO M\u00d3VILES","publisher":{"@id":"https:\/\/gamotech.ca\/#organization"},"potentialAction":[{"@type":"SearchAction","target":{"@type":"EntryPoint","urlTemplate":"https:\/\/gamotech.ca\/?s={search_term_string}"},"query-input":{"@type":"PropertyValueSpecification","valueRequired":true,"valueName":"search_term_string"}}],"inLanguage":"es"},{"@type":"Organization","@id":"https:\/\/gamotech.ca\/#organization","name":"Gamotech.ca","url":"https:\/\/gamotech.ca\/","logo":{"@type":"ImageObject","inLanguage":"es","@id":"https:\/\/gamotech.ca\/#\/schema\/logo\/image\/","url":"https:\/\/gamotech.ca\/wp-content\/uploads\/2022\/05\/Logo_couleur-scaled.jpg","contentUrl":"https:\/\/gamotech.ca\/wp-content\/uploads\/2022\/05\/Logo_couleur-scaled.jpg","width":2560,"height":503,"caption":"Gamotech.ca"},"image":{"@id":"https:\/\/gamotech.ca\/#\/schema\/logo\/image\/"}}]}},"_links":{"self":[{"href":"https:\/\/gamotech.ca\/es\/wp-json\/wp\/v2\/pages\/328","targetHints":{"allow":["GET"]}}],"collection":[{"href":"https:\/\/gamotech.ca\/es\/wp-json\/wp\/v2\/pages"}],"about":[{"href":"https:\/\/gamotech.ca\/es\/wp-json\/wp\/v2\/types\/page"}],"author":[{"embeddable":true,"href":"https:\/\/gamotech.ca\/es\/wp-json\/wp\/v2\/users\/1"}],"replies":[{"embeddable":true,"href":"https:\/\/gamotech.ca\/es\/wp-json\/wp\/v2\/comments?post=328"}],"version-history":[{"count":13,"href":"https:\/\/gamotech.ca\/es\/wp-json\/wp\/v2\/pages\/328\/revisions"}],"predecessor-version":[{"id":1437,"href":"https:\/\/gamotech.ca\/es\/wp-json\/wp\/v2\/pages\/328\/revisions\/1437"}],"wp:attachment":[{"href":"https:\/\/gamotech.ca\/es\/wp-json\/wp\/v2\/media?parent=328"}],"curies":[{"name":"wp","href":"https:\/\/api.w.org\/{rel}","templated":true}]}}