{"id":1528,"date":"2025-12-15T00:08:30","date_gmt":"2025-12-15T00:08:30","guid":{"rendered":"https:\/\/gamotech.ca\/?page_id=1528"},"modified":"2025-12-15T00:22:18","modified_gmt":"2025-12-15T00:22:18","slug":"gamo-flex","status":"publish","type":"page","link":"https:\/\/gamotech.ca\/fr\/gamo-flex\/","title":{"rendered":"Gamo-Flex"},"content":{"rendered":"<div class=\"wp-block-coblocks-hero alignfull coblocks-hero-417163930787\"><div class=\"wp-block-coblocks-hero__inner has-background-overlay bg-cover has-background-image bg-no-repeat bg-center-center has-background-overlay-20 hero-center-center-align has-padding has-huge-padding has-center-content is-fullscreen lazyload\" style=\"background-image:inherit\" data-bg-image=\"url(https:\/\/gamotech.ca\/wp-content\/uploads\/2025\/12\/Phen_photo_0614.jpg)\"><div class=\"wp-block-coblocks-hero__content-wrapper\"><div class=\"wp-block-coblocks-hero__content\" style=\"max-width:1000px\">\n<p><\/p>\n\n\n\n<h2 class=\"wp-block-heading has-palette-color-8-color has-text-color\" style=\"font-size:clamp(1.696rem, 1.696rem + ((1vw - 0.2rem) * 1.505), 2.9rem);\">Camion multifonction \u00e9lectrique<\/h2>\n\n\n\n<p class=\"has-palette-color-8-color has-text-color\" style=\"font-size:clamp(1.198rem, 1.198rem + ((1vw - 0.2rem) * 0.878), 1.9rem);\">Flexible, silencieux et \u00e9lectrique<\/p>\n\n\n\n<div class=\"wp-block-buttons is-content-justification-center is-layout-flex wp-container-core-buttons-is-layout-a89b3969 wp-block-buttons-is-layout-flex\">\n<div class=\"wp-block-button\"><a class=\"wp-block-button__link wp-element-button\" href=\"https:\/\/gamotech.ca\/wp-content\/uploads\/2025\/12\/Gamotech-Multimode-Gamo-Flex-EN.pdf\" target=\"_blank\" rel=\"noreferrer noopener\">T\u00e9l\u00e9chargez la brochure<\/a><\/div>\n<\/div>\n<\/div><\/div><\/div><\/div>\n\n\n\n<h2 class=\"wp-block-heading has-text-align-center\">Configurations disponibles<\/h2>\n\n\n\n<div style=\"height:69px\" aria-hidden=\"true\" class=\"wp-block-spacer\"><\/div>\n\n\n\n<div class=\"wp-block-columns are-vertically-aligned-center is-layout-flex wp-container-core-columns-is-layout-28f84493 wp-block-columns-is-layout-flex\">\n<div class=\"wp-block-column is-vertically-aligned-center is-layout-flow wp-block-column-is-layout-flow\">\n<h5 class=\"wp-block-heading alignwide has-text-align-center\">\u00c9pandeur de sel<\/h5>\n\n\n\n<figure class=\"wp-block-image alignfull size-large\"><img decoding=\"async\" width=\"1024\" height=\"413\" data-src=\"https:\/\/gamotech.ca\/wp-content\/uploads\/2025\/08\/Fichier-4@6x-1024x413.png\" alt=\"\" class=\"wp-image-1543 lazyload\" data-srcset=\"https:\/\/gamotech.ca\/wp-content\/uploads\/2025\/08\/Fichier-4@6x-1024x413.png 1024w, https:\/\/gamotech.ca\/wp-content\/uploads\/2025\/08\/Fichier-4@6x-300x121.png 300w, https:\/\/gamotech.ca\/wp-content\/uploads\/2025\/08\/Fichier-4@6x-768x309.png 768w, https:\/\/gamotech.ca\/wp-content\/uploads\/2025\/08\/Fichier-4@6x-1536x619.png 1536w, https:\/\/gamotech.ca\/wp-content\/uploads\/2025\/08\/Fichier-4@6x-2048x825.png 2048w, https:\/\/gamotech.ca\/wp-content\/uploads\/2025\/08\/Fichier-4@6x-18x7.png 18w\" data-sizes=\"auto, (max-width: 1024px) 100vw, 1024px\" src=\"data:image\/svg+xml;base64,PHN2ZyB3aWR0aD0iMSIgaGVpZ2h0PSIxIiB4bWxucz0iaHR0cDovL3d3dy53My5vcmcvMjAwMC9zdmciPjwvc3ZnPg==\" style=\"--smush-placeholder-width: 1024px; --smush-placeholder-aspect-ratio: 1024\/413;\" \/><\/figure>\n<\/div>\n\n\n\n<div class=\"wp-block-column is-vertically-aligned-center is-layout-flow wp-block-column-is-layout-flow\">\n<h5 class=\"wp-block-heading has-text-align-center\"><strong>Arrosage<\/strong><\/h5>\n\n\n\n<figure class=\"wp-block-image alignfull size-large\"><img decoding=\"async\" width=\"1024\" height=\"461\" data-src=\"https:\/\/gamotech.ca\/wp-content\/uploads\/2025\/08\/Fichier-3@6x-1024x461.png\" alt=\"\" class=\"wp-image-1542 lazyload\" data-srcset=\"https:\/\/gamotech.ca\/wp-content\/uploads\/2025\/08\/Fichier-3@6x-1024x461.png 1024w, https:\/\/gamotech.ca\/wp-content\/uploads\/2025\/08\/Fichier-3@6x-300x135.png 300w, https:\/\/gamotech.ca\/wp-content\/uploads\/2025\/08\/Fichier-3@6x-768x346.png 768w, https:\/\/gamotech.ca\/wp-content\/uploads\/2025\/08\/Fichier-3@6x-1536x691.png 1536w, https:\/\/gamotech.ca\/wp-content\/uploads\/2025\/08\/Fichier-3@6x-2048x922.png 2048w, https:\/\/gamotech.ca\/wp-content\/uploads\/2025\/08\/Fichier-3@6x-18x8.png 18w\" data-sizes=\"auto, (max-width: 1024px) 100vw, 1024px\" src=\"data:image\/svg+xml;base64,PHN2ZyB3aWR0aD0iMSIgaGVpZ2h0PSIxIiB4bWxucz0iaHR0cDovL3d3dy53My5vcmcvMjAwMC9zdmciPjwvc3ZnPg==\" style=\"--smush-placeholder-width: 1024px; --smush-placeholder-aspect-ratio: 1024\/461;\" \/><\/figure>\n<\/div>\n\n\n\n<div class=\"wp-block-column is-vertically-aligned-center is-layout-flow wp-block-column-is-layout-flow\">\n<h5 class=\"wp-block-heading has-text-align-center\">Nacelle a\u00e9rienne<\/h5>\n\n\n\n<figure class=\"wp-block-image size-large\"><img decoding=\"async\" width=\"1024\" height=\"523\" data-src=\"https:\/\/gamotech.ca\/wp-content\/uploads\/2025\/08\/Fichier-1@6x-1024x523.png\" alt=\"\" class=\"wp-image-1540 lazyload\" data-srcset=\"https:\/\/gamotech.ca\/wp-content\/uploads\/2025\/08\/Fichier-1@6x-1024x523.png 1024w, https:\/\/gamotech.ca\/wp-content\/uploads\/2025\/08\/Fichier-1@6x-300x153.png 300w, https:\/\/gamotech.ca\/wp-content\/uploads\/2025\/08\/Fichier-1@6x-768x392.png 768w, https:\/\/gamotech.ca\/wp-content\/uploads\/2025\/08\/Fichier-1@6x-1536x784.png 1536w, https:\/\/gamotech.ca\/wp-content\/uploads\/2025\/08\/Fichier-1@6x-2048x1046.png 2048w, https:\/\/gamotech.ca\/wp-content\/uploads\/2025\/08\/Fichier-1@6x-18x9.png 18w\" data-sizes=\"auto, (max-width: 1024px) 100vw, 1024px\" src=\"data:image\/svg+xml;base64,PHN2ZyB3aWR0aD0iMSIgaGVpZ2h0PSIxIiB4bWxucz0iaHR0cDovL3d3dy53My5vcmcvMjAwMC9zdmciPjwvc3ZnPg==\" style=\"--smush-placeholder-width: 1024px; --smush-placeholder-aspect-ratio: 1024\/523;\" \/><\/figure>\n<\/div>\n\n\n\n<div class=\"wp-block-column is-vertically-aligned-center is-layout-flow wp-block-column-is-layout-flow\">\n<h5 class=\"wp-block-heading has-text-align-center\">Benne<\/h5>\n\n\n\n<figure class=\"wp-block-image alignfull size-large\"><img decoding=\"async\" width=\"1024\" height=\"527\" data-src=\"https:\/\/gamotech.ca\/wp-content\/uploads\/2025\/08\/Fichier-2@6x-1024x527.png\" alt=\"\" class=\"wp-image-1541 lazyload\" data-srcset=\"https:\/\/gamotech.ca\/wp-content\/uploads\/2025\/08\/Fichier-2@6x-1024x527.png 1024w, https:\/\/gamotech.ca\/wp-content\/uploads\/2025\/08\/Fichier-2@6x-300x154.png 300w, https:\/\/gamotech.ca\/wp-content\/uploads\/2025\/08\/Fichier-2@6x-768x395.png 768w, https:\/\/gamotech.ca\/wp-content\/uploads\/2025\/08\/Fichier-2@6x-1536x790.png 1536w, https:\/\/gamotech.ca\/wp-content\/uploads\/2025\/08\/Fichier-2@6x-2048x1053.png 2048w, https:\/\/gamotech.ca\/wp-content\/uploads\/2025\/08\/Fichier-2@6x-18x9.png 18w\" data-sizes=\"auto, (max-width: 1024px) 100vw, 1024px\" src=\"data:image\/svg+xml;base64,PHN2ZyB3aWR0aD0iMSIgaGVpZ2h0PSIxIiB4bWxucz0iaHR0cDovL3d3dy53My5vcmcvMjAwMC9zdmciPjwvc3ZnPg==\" style=\"--smush-placeholder-width: 1024px; --smush-placeholder-aspect-ratio: 1024\/527;\" \/><\/figure>\n<\/div>\n\n\n\n<div class=\"wp-block-column is-vertically-aligned-center is-layout-flow wp-block-column-is-layout-flow\">\n<h5 class=\"wp-block-heading has-text-align-center\">Plateforme de transport<\/h5>\n\n\n\n<figure class=\"wp-block-image alignfull size-large\"><img decoding=\"async\" width=\"1024\" height=\"415\" data-src=\"https:\/\/gamotech.ca\/wp-content\/uploads\/2025\/08\/Fichier-5@6x-1024x415.png\" alt=\"\" class=\"wp-image-1544 lazyload\" data-srcset=\"https:\/\/gamotech.ca\/wp-content\/uploads\/2025\/08\/Fichier-5@6x-1024x415.png 1024w, https:\/\/gamotech.ca\/wp-content\/uploads\/2025\/08\/Fichier-5@6x-300x121.png 300w, https:\/\/gamotech.ca\/wp-content\/uploads\/2025\/08\/Fichier-5@6x-768x311.png 768w, https:\/\/gamotech.ca\/wp-content\/uploads\/2025\/08\/Fichier-5@6x-1536x622.png 1536w, https:\/\/gamotech.ca\/wp-content\/uploads\/2025\/08\/Fichier-5@6x-2048x829.png 2048w, https:\/\/gamotech.ca\/wp-content\/uploads\/2025\/08\/Fichier-5@6x-18x7.png 18w\" data-sizes=\"auto, (max-width: 1024px) 100vw, 1024px\" src=\"data:image\/svg+xml;base64,PHN2ZyB3aWR0aD0iMSIgaGVpZ2h0PSIxIiB4bWxucz0iaHR0cDovL3d3dy53My5vcmcvMjAwMC9zdmciPjwvc3ZnPg==\" style=\"--smush-placeholder-width: 1024px; --smush-placeholder-aspect-ratio: 1024\/415;\" \/><\/figure>\n<\/div>\n<\/div>\n\n\n\n<div style=\"height:109px\" aria-hidden=\"true\" class=\"wp-block-spacer\"><\/div>\n\n\n\n<h1 class=\"wp-block-heading has-text-align-center\">Regardez la en action<\/h1>\n\n\n\n<hr class=\"wp-block-separator has-text-color has-palette-color-3-color has-css-opacity has-palette-color-3-background-color has-background is-style-wide\"\/>\n\n\n\n\n\n<figure class=\"wp-block-embed is-type-video is-provider-youtube wp-block-embed-youtube wp-embed-aspect-16-9 wp-has-aspect-ratio\"><div class=\"wp-block-embed__wrapper\">\n<iframe title=\"Le premier camion multimode 100% \u00e9lectrique.\" width=\"1778\" height=\"1000\" data-src=\"https:\/\/www.youtube.com\/embed\/DdcQVCOMTJc?feature=oembed\" frameborder=\"0\" allow=\"accelerometer; autoplay; clipboard-write; encrypted-media; gyroscope; picture-in-picture; web-share\" referrerpolicy=\"strict-origin-when-cross-origin\" allowfullscreen src=\"data:image\/svg+xml;base64,PHN2ZyB3aWR0aD0iMSIgaGVpZ2h0PSIxIiB4bWxucz0iaHR0cDovL3d3dy53My5vcmcvMjAwMC9zdmciPjwvc3ZnPg==\" class=\"lazyload\" data-load-mode=\"1\"><\/iframe>\n<\/div><\/figure>\n\n\n\n<h2 class=\"wp-block-heading\">Contactez-nous pour plus d'info<\/h2>\n\n\n\n<div class=\"forminator-guttenberg\"><div class=\"forminator-ui forminator-custom-form forminator-custom-form-1571 forminator-design--default  forminator_ajax\" data-forminator-render=\"0\" data-form=\"forminator-module-1571\" data-uid=\"69ea426c02351\"><br\/><\/div><form\n\t\t\t\tid=\"forminator-module-1571\"\n\t\t\t\tclass=\"forminator-ui forminator-custom-form forminator-custom-form-1571 forminator-design--default  forminator_ajax\"\n\t\t\t\tmethod=\"post\"\n\t\t\t\tdata-forminator-render=\"0\"\n\t\t\t\tdata-form-id=\"1571\"\n\t\t\t\t data-color-option=\"theme\" data-design=\"default\" data-grid=\"open\" style=\"display: none;\"\n\t\t\t\tdata-uid=\"69ea426c02351\" action=\"\"\n\t\t\t><div role=\"alert\" aria-live=\"polite\" class=\"forminator-response-message forminator-error\" aria-hidden=\"true\"><\/div><div class=\"forminator-row\"><div id=\"name-1\" class=\"forminator-field-name forminator-col forminator-col-12\"><div class=\"forminator-field\"><label for=\"forminator-field-name-1_69ea426c02351\" id=\"forminator-field-name-1_69ea426c02351-label\" class=\"forminator-label\">Nom <span class=\"forminator-required\">*<\/span><\/label><input type=\"text\" name=\"name-1\" value=\"\" placeholder=\"\" id=\"forminator-field-name-1_69ea426c02351\" class=\"forminator-input forminator-name--field\" aria-required=\"true\" autocomplete=\"name\" \/><\/div><\/div><\/div><div class=\"forminator-row\"><div id=\"email-1\" class=\"forminator-field-email forminator-col forminator-col-12\"><div class=\"forminator-field\"><label for=\"forminator-field-email-1_69ea426c02351\" id=\"forminator-field-email-1_69ea426c02351-label\" class=\"forminator-label\">Adresse courriel <span class=\"forminator-required\">*<\/span><\/label><input type=\"email\" name=\"email-1\" value=\"\" placeholder=\"\" id=\"forminator-field-email-1_69ea426c02351\" class=\"forminator-input forminator-email--field\" data-required=\"true\" aria-required=\"true\" autocomplete=\"email\" \/><\/div><\/div><\/div><div class=\"forminator-row\"><div id=\"phone-1\" class=\"forminator-field-phone forminator-col forminator-col-12\"><div class=\"forminator-field\"><label for=\"forminator-field-phone-1_69ea426c02351\" id=\"forminator-field-phone-1_69ea426c02351-label\" class=\"forminator-label\">Num\u00e9ro de t\u00e9l\u00e9phone<\/label><input type=\"text\" name=\"phone-1\" value=\"\" placeholder=\"\" id=\"forminator-field-phone-1_69ea426c02351\" class=\"forminator-input forminator-field--phone\" data-required=\"\" aria-required=\"false\" autocomplete=\"off\" \/><\/div><\/div><\/div><div class=\"forminator-row\"><div id=\"textarea-1\" class=\"forminator-field-textarea forminator-col forminator-col-12\"><div class=\"forminator-field\"><label for=\"forminator-field-textarea-1_69ea426c02351\" id=\"forminator-field-textarea-1_69ea426c02351-label\" class=\"forminator-label\">Message<\/label><span id=\"forminator-field-textarea-1_69ea426c02351-description\" class=\"forminator-description\"><span data-limit=\"180\" data-type=\"characters\" data-editor=\"\">0 \/ 180<\/span><\/span><textarea name=\"textarea-1\" placeholder=\"\" id=\"forminator-field-textarea-1_69ea426c02351\" class=\"forminator-textarea\" rows=\"6\" style=\"--forminator-textarea-min-height:140px;\" maxlength=\"180\" ><\/textarea><\/div><\/div><\/div><input type=\"hidden\" name=\"referer_url\" value=\"\" \/><div class=\"forminator-row forminator-row-last\"><div class=\"forminator-col\"><div class=\"forminator-field\"><button class=\"forminator-button forminator-button-submit\">Envoyer<\/button><\/div><\/div><\/div><input type=\"hidden\" id=\"forminator_nonce\" name=\"forminator_nonce\" value=\"6e8babb52c\" \/><input type=\"hidden\" name=\"_wp_http_referer\" value=\"\/fr\/wp-json\/wp\/v2\/pages\/1528\" \/><input type=\"hidden\" name=\"form_id\" value=\"1571\"><input type=\"hidden\" name=\"page_id\" value=\"1528\"><input type=\"hidden\" name=\"form_type\" value=\"default\"><input type=\"hidden\" name=\"current_url\" value=\"https:\/\/gamotech.ca\/fr\/gamo-flex\/\"><input type=\"hidden\" name=\"render_id\" value=\"0\"><input type=\"hidden\" name=\"action\" value=\"forminator_submit_form_custom-forms\"><input type=\"hidden\" name=\"trp-form-language\" value=\"fr\"\/><\/form><\/div>","protected":false},"excerpt":{"rendered":"<p>Available configurations Salt Spreader Watering Tank Aerial work platform Dump Box Transport Platform See it in action Contact us to know more<\/p>","protected":false},"author":14,"featured_media":0,"parent":0,"menu_order":0,"comment_status":"closed","ping_status":"closed","template":"","meta":{"_acf_changed":false,"_coblocks_attr":"","_coblocks_dimensions":"","_coblocks_responsive_height":"","_coblocks_accordion_ie_support":"","om_disable_all_campaigns":false,"_monsterinsights_skip_tracking":false,"_monsterinsights_sitenote_active":false,"_monsterinsights_sitenote_note":"","_monsterinsights_sitenote_category":0,"_uf_show_specific_survey":0,"_uf_disable_surveys":false,"footnotes":""},"class_list":["post-1528","page","type-page","status-publish","hentry"],"blocksy_meta":[],"acf":[],"yoast_head":"<!-- This site is optimized with the Yoast SEO plugin v27.4 - https:\/\/yoast.com\/product\/yoast-seo-wordpress\/ -->\n<title>Gamo-Flex - Gamotech.ca<\/title>\n<meta name=\"description\" content=\"A 100% electric multimode truck that can replace a bucket truck, a salt sprayer, a water tank, a dumpster and a transport platform.\" \/>\n<meta name=\"robots\" content=\"index, follow, max-snippet:-1, max-image-preview:large, max-video-preview:-1\" \/>\n<link rel=\"canonical\" href=\"https:\/\/gamotech.ca\/fr\/gamo-flex\/\" \/>\n<meta property=\"og:locale\" content=\"fr_CA\" \/>\n<meta property=\"og:type\" content=\"article\" \/>\n<meta property=\"og:title\" content=\"Gamo-Flex - Gamotech.ca\" \/>\n<meta property=\"og:description\" content=\"A 100% electric multimode truck that can replace a bucket truck, a salt sprayer, a water tank, a dumpster and a transport platform.\" \/>\n<meta property=\"og:url\" content=\"https:\/\/gamotech.ca\/fr\/gamo-flex\/\" \/>\n<meta property=\"og:site_name\" content=\"Gamotech.ca\" \/>\n<meta property=\"article:modified_time\" content=\"2025-12-15T00:22:18+00:00\" \/>\n<meta property=\"og:image\" content=\"https:\/\/gamotech.ca\/wp-content\/uploads\/2025\/08\/Fichier-4@6x-scaled.png\" \/>\n\t<meta property=\"og:image:width\" content=\"2560\" \/>\n\t<meta property=\"og:image:height\" content=\"1032\" \/>\n\t<meta property=\"og:image:type\" content=\"image\/png\" \/>\n<meta name=\"twitter:card\" content=\"summary_large_image\" \/>\n<meta name=\"twitter:label1\" content=\"Estimation du temps de lecture\" \/>\n\t<meta name=\"twitter:data1\" content=\"2 minutes\" \/>\n<script type=\"application\/ld+json\" class=\"yoast-schema-graph\">{\"@context\":\"https:\\\/\\\/schema.org\",\"@graph\":[{\"@type\":\"WebPage\",\"@id\":\"https:\\\/\\\/gamotech.ca\\\/gamo-flex\\\/\",\"url\":\"https:\\\/\\\/gamotech.ca\\\/gamo-flex\\\/\",\"name\":\"Gamo-Flex - Gamotech.ca\",\"isPartOf\":{\"@id\":\"https:\\\/\\\/gamotech.ca\\\/#website\"},\"primaryImageOfPage\":{\"@id\":\"https:\\\/\\\/gamotech.ca\\\/gamo-flex\\\/#primaryimage\"},\"image\":{\"@id\":\"https:\\\/\\\/gamotech.ca\\\/gamo-flex\\\/#primaryimage\"},\"thumbnailUrl\":\"https:\\\/\\\/gamotech.ca\\\/wp-content\\\/uploads\\\/2025\\\/08\\\/Fichier-4@6x-1024x413.png\",\"datePublished\":\"2025-12-15T00:08:30+00:00\",\"dateModified\":\"2025-12-15T00:22:18+00:00\",\"description\":\"A 100% electric multimode truck that can replace a bucket truck, a salt sprayer, a water tank, a dumpster and a transport platform.\",\"breadcrumb\":{\"@id\":\"https:\\\/\\\/gamotech.ca\\\/gamo-flex\\\/#breadcrumb\"},\"inLanguage\":\"fr-CA\",\"potentialAction\":[{\"@type\":\"ReadAction\",\"target\":[\"https:\\\/\\\/gamotech.ca\\\/gamo-flex\\\/\"]}]},{\"@type\":\"ImageObject\",\"inLanguage\":\"fr-CA\",\"@id\":\"https:\\\/\\\/gamotech.ca\\\/gamo-flex\\\/#primaryimage\",\"url\":\"https:\\\/\\\/gamotech.ca\\\/wp-content\\\/uploads\\\/2025\\\/08\\\/Fichier-4@6x-1024x413.png\",\"contentUrl\":\"https:\\\/\\\/gamotech.ca\\\/wp-content\\\/uploads\\\/2025\\\/08\\\/Fichier-4@6x-1024x413.png\"},{\"@type\":\"BreadcrumbList\",\"@id\":\"https:\\\/\\\/gamotech.ca\\\/gamo-flex\\\/#breadcrumb\",\"itemListElement\":[{\"@type\":\"ListItem\",\"position\":1,\"name\":\"Home\",\"item\":\"https:\\\/\\\/gamotech.ca\\\/\"},{\"@type\":\"ListItem\",\"position\":2,\"name\":\"Gamo-Flex\"}]},{\"@type\":\"WebSite\",\"@id\":\"https:\\\/\\\/gamotech.ca\\\/#website\",\"url\":\"https:\\\/\\\/gamotech.ca\\\/\",\"name\":\"Gamotech.ca\",\"description\":\"ELECTRIFY MOBILE WORKSITES\",\"publisher\":{\"@id\":\"https:\\\/\\\/gamotech.ca\\\/#organization\"},\"potentialAction\":[{\"@type\":\"SearchAction\",\"target\":{\"@type\":\"EntryPoint\",\"urlTemplate\":\"https:\\\/\\\/gamotech.ca\\\/?s={search_term_string}\"},\"query-input\":{\"@type\":\"PropertyValueSpecification\",\"valueRequired\":true,\"valueName\":\"search_term_string\"}}],\"inLanguage\":\"fr-CA\"},{\"@type\":\"Organization\",\"@id\":\"https:\\\/\\\/gamotech.ca\\\/#organization\",\"name\":\"Gamotech.ca\",\"url\":\"https:\\\/\\\/gamotech.ca\\\/\",\"logo\":{\"@type\":\"ImageObject\",\"inLanguage\":\"fr-CA\",\"@id\":\"https:\\\/\\\/gamotech.ca\\\/#\\\/schema\\\/logo\\\/image\\\/\",\"url\":\"https:\\\/\\\/gamotech.ca\\\/wp-content\\\/uploads\\\/2022\\\/05\\\/Logo_couleur-scaled.jpg\",\"contentUrl\":\"https:\\\/\\\/gamotech.ca\\\/wp-content\\\/uploads\\\/2022\\\/05\\\/Logo_couleur-scaled.jpg\",\"width\":2560,\"height\":503,\"caption\":\"Gamotech.ca\"},\"image\":{\"@id\":\"https:\\\/\\\/gamotech.ca\\\/#\\\/schema\\\/logo\\\/image\\\/\"}}]}<\/script>\n<!-- \/ Yoast SEO plugin. -->","yoast_head_json":{"title":"Gamo-Flex - Gamotech.ca","description":"A 100% electric multimode truck that can replace a bucket truck, a salt sprayer, a water tank, a dumpster and a transport platform.","robots":{"index":"index","follow":"follow","max-snippet":"max-snippet:-1","max-image-preview":"max-image-preview:large","max-video-preview":"max-video-preview:-1"},"canonical":"https:\/\/gamotech.ca\/fr\/gamo-flex\/","og_locale":"fr_CA","og_type":"article","og_title":"Gamo-Flex - Gamotech.ca","og_description":"A 100% electric multimode truck that can replace a bucket truck, a salt sprayer, a water tank, a dumpster and a transport platform.","og_url":"https:\/\/gamotech.ca\/fr\/gamo-flex\/","og_site_name":"Gamotech.ca","article_modified_time":"2025-12-15T00:22:18+00:00","og_image":[{"width":2560,"height":1032,"url":"https:\/\/gamotech.ca\/wp-content\/uploads\/2025\/08\/Fichier-4@6x-scaled.png","type":"image\/png"}],"twitter_card":"summary_large_image","twitter_misc":{"Estimation du temps de lecture":"2 minutes"},"schema":{"@context":"https:\/\/schema.org","@graph":[{"@type":"WebPage","@id":"https:\/\/gamotech.ca\/gamo-flex\/","url":"https:\/\/gamotech.ca\/gamo-flex\/","name":"Gamo-Flex - Gamotech.ca","isPartOf":{"@id":"https:\/\/gamotech.ca\/#website"},"primaryImageOfPage":{"@id":"https:\/\/gamotech.ca\/gamo-flex\/#primaryimage"},"image":{"@id":"https:\/\/gamotech.ca\/gamo-flex\/#primaryimage"},"thumbnailUrl":"https:\/\/gamotech.ca\/wp-content\/uploads\/2025\/08\/Fichier-4@6x-1024x413.png","datePublished":"2025-12-15T00:08:30+00:00","dateModified":"2025-12-15T00:22:18+00:00","description":"A 100% electric multimode truck that can replace a bucket truck, a salt sprayer, a water tank, a dumpster and a transport platform.","breadcrumb":{"@id":"https:\/\/gamotech.ca\/gamo-flex\/#breadcrumb"},"inLanguage":"fr-CA","potentialAction":[{"@type":"ReadAction","target":["https:\/\/gamotech.ca\/gamo-flex\/"]}]},{"@type":"ImageObject","inLanguage":"fr-CA","@id":"https:\/\/gamotech.ca\/gamo-flex\/#primaryimage","url":"https:\/\/gamotech.ca\/wp-content\/uploads\/2025\/08\/Fichier-4@6x-1024x413.png","contentUrl":"https:\/\/gamotech.ca\/wp-content\/uploads\/2025\/08\/Fichier-4@6x-1024x413.png"},{"@type":"BreadcrumbList","@id":"https:\/\/gamotech.ca\/gamo-flex\/#breadcrumb","itemListElement":[{"@type":"ListItem","position":1,"name":"Home","item":"https:\/\/gamotech.ca\/"},{"@type":"ListItem","position":2,"name":"Gamo-Flex"}]},{"@type":"WebSite","@id":"https:\/\/gamotech.ca\/#website","url":"https:\/\/gamotech.ca\/","name":"Gamotech.ca","description":"\u00c9LECTRIFIEZ LES CHANTIERS MOBILES","publisher":{"@id":"https:\/\/gamotech.ca\/#organization"},"potentialAction":[{"@type":"SearchAction","target":{"@type":"EntryPoint","urlTemplate":"https:\/\/gamotech.ca\/?s={search_term_string}"},"query-input":{"@type":"PropertyValueSpecification","valueRequired":true,"valueName":"search_term_string"}}],"inLanguage":"fr-CA"},{"@type":"Organization","@id":"https:\/\/gamotech.ca\/#organization","name":"Gamotech.ca","url":"https:\/\/gamotech.ca\/","logo":{"@type":"ImageObject","inLanguage":"fr-CA","@id":"https:\/\/gamotech.ca\/#\/schema\/logo\/image\/","url":"https:\/\/gamotech.ca\/wp-content\/uploads\/2022\/05\/Logo_couleur-scaled.jpg","contentUrl":"https:\/\/gamotech.ca\/wp-content\/uploads\/2022\/05\/Logo_couleur-scaled.jpg","width":2560,"height":503,"caption":"Gamotech.ca"},"image":{"@id":"https:\/\/gamotech.ca\/#\/schema\/logo\/image\/"}}]}},"_links":{"self":[{"href":"https:\/\/gamotech.ca\/fr\/wp-json\/wp\/v2\/pages\/1528","targetHints":{"allow":["GET"]}}],"collection":[{"href":"https:\/\/gamotech.ca\/fr\/wp-json\/wp\/v2\/pages"}],"about":[{"href":"https:\/\/gamotech.ca\/fr\/wp-json\/wp\/v2\/types\/page"}],"author":[{"embeddable":true,"href":"https:\/\/gamotech.ca\/fr\/wp-json\/wp\/v2\/users\/14"}],"replies":[{"embeddable":true,"href":"https:\/\/gamotech.ca\/fr\/wp-json\/wp\/v2\/comments?post=1528"}],"version-history":[{"count":20,"href":"https:\/\/gamotech.ca\/fr\/wp-json\/wp\/v2\/pages\/1528\/revisions"}],"predecessor-version":[{"id":1579,"href":"https:\/\/gamotech.ca\/fr\/wp-json\/wp\/v2\/pages\/1528\/revisions\/1579"}],"wp:attachment":[{"href":"https:\/\/gamotech.ca\/fr\/wp-json\/wp\/v2\/media?parent=1528"}],"curies":[{"name":"wp","href":"https:\/\/api.w.org\/{rel}","templated":true}]}}