{"id":319,"date":"2022-03-31T16:15:14","date_gmt":"2022-03-31T16:15:14","guid":{"rendered":"https:\/\/gamotech.ca\/?page_id=319"},"modified":"2024-06-27T16:20:53","modified_gmt":"2024-06-27T16:20:53","slug":"milestones","status":"publish","type":"page","link":"https:\/\/gamotech.ca\/fr\/milestones\/","title":{"rendered":"R\u00c9ALISATIONS"},"content":{"rendered":"<div class=\"wp-block-coblocks-hero alignfull coblocks-hero-419191855710\"><div class=\"wp-block-coblocks-hero__inner has-background-overlay bg-cover has-background-image bg-no-repeat bg-center-center has-background-overlay-20 hero-center-center-align has-padding has-huge-padding has-center-content is-fullscreen lazyload\" style=\"background-image:inherit;background-position:47% 52%\" data-bg-image=\"url(https:\/\/gamotech.ca\/wp-content\/uploads\/2024\/06\/Gamo230524-005H.jpg)\"><div class=\"wp-block-coblocks-hero__content-wrapper\"><div class=\"wp-block-coblocks-hero__content\" style=\"max-width:1000px\">\n<h2 class=\"wp-block-heading has-palette-color-8-color has-text-color\" style=\"font-size:clamp(1.696rem, 1.696rem + ((1vw - 0.2rem) * 1.505), 2.9rem);\">\u00c9tapes franchies<\/h2>\n\n\n\n<p class=\"has-palette-color-8-color has-text-color\" style=\"font-size:clamp(1.198rem, 1.198rem + ((1vw - 0.2rem) * 0.878), 1.9rem);\">Suivez-nous dans notre voyage pour apporter des solutions durables \u00e0 l&#039;industrie.<\/p>\n<\/div><\/div><\/div><\/div>\n\n\n\n<div class=\"wp-block-columns is-layout-flex wp-container-core-columns-is-layout-28f84493 wp-block-columns-is-layout-flex\">\n<div class=\"wp-block-column is-layout-flow wp-block-column-is-layout-flow\" style=\"flex-basis:100%\">\n<div class=\"wp-block-media-text is-stacked-on-mobile\" style=\"grid-template-columns:30% auto\"><figure class=\"wp-block-media-text__media\"><img decoding=\"async\" width=\"1024\" height=\"768\" data-src=\"https:\/\/gamotech.ca\/wp-content\/uploads\/2024\/06\/IMG_1844-3-1024x768.jpg\" alt=\"\" class=\"wp-image-1477 size-full lazyload\" data-srcset=\"https:\/\/gamotech.ca\/wp-content\/uploads\/2024\/06\/IMG_1844-3-1024x768.jpg 1024w, https:\/\/gamotech.ca\/wp-content\/uploads\/2024\/06\/IMG_1844-3-300x225.jpg 300w, https:\/\/gamotech.ca\/wp-content\/uploads\/2024\/06\/IMG_1844-3-768x576.jpg 768w, https:\/\/gamotech.ca\/wp-content\/uploads\/2024\/06\/IMG_1844-3-1536x1152.jpg 1536w, https:\/\/gamotech.ca\/wp-content\/uploads\/2024\/06\/IMG_1844-3-2048x1536.jpg 2048w, https:\/\/gamotech.ca\/wp-content\/uploads\/2024\/06\/IMG_1844-3-16x12.jpg 16w\" data-sizes=\"auto, (max-width: 1024px) 100vw, 1024px\" src=\"data:image\/svg+xml;base64,PHN2ZyB3aWR0aD0iMSIgaGVpZ2h0PSIxIiB4bWxucz0iaHR0cDovL3d3dy53My5vcmcvMjAwMC9zdmciPjwvc3ZnPg==\" style=\"--smush-placeholder-width: 1024px; --smush-placeholder-aspect-ratio: 1024\/768;\" \/><\/figure><div class=\"wp-block-media-text__content\">\n<p class=\"has-medium-font-size\"><strong>21 juin 2024<\/strong> \u2013 La solution Gamotech en action ! Notre atelier mobile z\u00e9ro \u00e9mission a d\u00e9montr\u00e9 sa polyvalence \u00e0 McMasterville. Il a d'abord \u00e9t\u00e9 d\u00e9ploy\u00e9 pour r\u00e9parer efficacement un bris de conduite d'eau, puis pour produire de l'\u00e9lectricit\u00e9 propre pour les c\u00e9l\u00e9brations de la F\u00eate nationale. Une double d\u00e9monstration r\u00e9ussie de notre technologie innovante !<\/p>\n<\/div><\/div>\n<\/div>\n<\/div>\n\n\n\n<div class=\"wp-block-group is-layout-constrained wp-block-group-is-layout-constrained\">\n<div class=\"wp-block-columns is-layout-flex wp-container-core-columns-is-layout-28f84493 wp-block-columns-is-layout-flex\">\n<div class=\"wp-block-column is-layout-flow wp-block-column-is-layout-flow\" style=\"flex-basis:100%\">\n<div aria-label=\"Offset Gallery\" class=\"wp-block-coblocks-gallery-offset alignfull\"><ul class=\"coblocks-gallery has-caption-style-dark has-xlrg-images has-small-gutter\"><li class=\"coblocks-gallery--item\"><figure class=\"wp-block-coblocks-gallery-offset__figure\"><img decoding=\"async\" width=\"1024\" height=\"768\" data-src=\"https:\/\/gamotech.ca\/wp-content\/uploads\/2024\/06\/IMG_1850-1-1024x768.jpg\" alt=\"\" data-id=\"1473\" data-imglink=\"\" data-link=\"https:\/\/gamotech.ca\/?attachment_id=1473\" class=\"wp-image-1473 lazyload\" data-srcset=\"https:\/\/gamotech.ca\/wp-content\/uploads\/2024\/06\/IMG_1850-1-1024x768.jpg 1024w, https:\/\/gamotech.ca\/wp-content\/uploads\/2024\/06\/IMG_1850-1-300x225.jpg 300w, https:\/\/gamotech.ca\/wp-content\/uploads\/2024\/06\/IMG_1850-1-768x576.jpg 768w, https:\/\/gamotech.ca\/wp-content\/uploads\/2024\/06\/IMG_1850-1-1536x1152.jpg 1536w, https:\/\/gamotech.ca\/wp-content\/uploads\/2024\/06\/IMG_1850-1-2048x1536.jpg 2048w, https:\/\/gamotech.ca\/wp-content\/uploads\/2024\/06\/IMG_1850-1-16x12.jpg 16w\" data-sizes=\"auto, (max-width: 1024px) 100vw, 1024px\" src=\"data:image\/svg+xml;base64,PHN2ZyB3aWR0aD0iMSIgaGVpZ2h0PSIxIiB4bWxucz0iaHR0cDovL3d3dy53My5vcmcvMjAwMC9zdmciPjwvc3ZnPg==\" style=\"--smush-placeholder-width: 1024px; --smush-placeholder-aspect-ratio: 1024\/768;\" \/><\/figure><\/li><li class=\"coblocks-gallery--item\"><figure class=\"wp-block-coblocks-gallery-offset__figure\"><img decoding=\"async\" width=\"1024\" height=\"768\" data-src=\"https:\/\/gamotech.ca\/wp-content\/uploads\/2024\/06\/Gamotech-St-JEan-McMasterville-1-1024x768.jpeg\" alt=\"\" data-id=\"1472\" data-imglink=\"\" data-link=\"https:\/\/gamotech.ca\/?attachment_id=1472\" class=\"wp-image-1472 lazyload\" data-srcset=\"https:\/\/gamotech.ca\/wp-content\/uploads\/2024\/06\/Gamotech-St-JEan-McMasterville-1-1024x768.jpeg 1024w, https:\/\/gamotech.ca\/wp-content\/uploads\/2024\/06\/Gamotech-St-JEan-McMasterville-1-300x225.jpeg 300w, https:\/\/gamotech.ca\/wp-content\/uploads\/2024\/06\/Gamotech-St-JEan-McMasterville-1-768x576.jpeg 768w, https:\/\/gamotech.ca\/wp-content\/uploads\/2024\/06\/Gamotech-St-JEan-McMasterville-1-1536x1152.jpeg 1536w, https:\/\/gamotech.ca\/wp-content\/uploads\/2024\/06\/Gamotech-St-JEan-McMasterville-1-2048x1536.jpeg 2048w, https:\/\/gamotech.ca\/wp-content\/uploads\/2024\/06\/Gamotech-St-JEan-McMasterville-1-16x12.jpeg 16w\" data-sizes=\"auto, (max-width: 1024px) 100vw, 1024px\" src=\"data:image\/svg+xml;base64,PHN2ZyB3aWR0aD0iMSIgaGVpZ2h0PSIxIiB4bWxucz0iaHR0cDovL3d3dy53My5vcmcvMjAwMC9zdmciPjwvc3ZnPg==\" style=\"--smush-placeholder-width: 1024px; --smush-placeholder-aspect-ratio: 1024\/768;\" \/><\/figure><\/li><\/ul><\/div>\n<\/div>\n<\/div>\n<\/div>\n\n\n\n<hr class=\"wp-block-separator has-alpha-channel-opacity\"\/>\n\n\n\n<div class=\"wp-block-media-text is-stacked-on-mobile\" style=\"grid-template-columns:30% auto\"><figure class=\"wp-block-media-text__media\"><img decoding=\"async\" width=\"1024\" height=\"768\" data-src=\"https:\/\/gamotech.ca\/wp-content\/uploads\/2024\/06\/Photo-officielle_lancement-Gamotech_11-06-2024-1-1024x768.jpg\" alt=\"\" class=\"wp-image-1461 size-full lazyload\" data-srcset=\"https:\/\/gamotech.ca\/wp-content\/uploads\/2024\/06\/Photo-officielle_lancement-Gamotech_11-06-2024-1-1024x768.jpg 1024w, https:\/\/gamotech.ca\/wp-content\/uploads\/2024\/06\/Photo-officielle_lancement-Gamotech_11-06-2024-1-300x225.jpg 300w, https:\/\/gamotech.ca\/wp-content\/uploads\/2024\/06\/Photo-officielle_lancement-Gamotech_11-06-2024-1-768x576.jpg 768w, https:\/\/gamotech.ca\/wp-content\/uploads\/2024\/06\/Photo-officielle_lancement-Gamotech_11-06-2024-1-1536x1152.jpg 1536w, https:\/\/gamotech.ca\/wp-content\/uploads\/2024\/06\/Photo-officielle_lancement-Gamotech_11-06-2024-1-2048x1536.jpg 2048w, https:\/\/gamotech.ca\/wp-content\/uploads\/2024\/06\/Photo-officielle_lancement-Gamotech_11-06-2024-1-16x12.jpg 16w\" data-sizes=\"auto, (max-width: 1024px) 100vw, 1024px\" src=\"data:image\/svg+xml;base64,PHN2ZyB3aWR0aD0iMSIgaGVpZ2h0PSIxIiB4bWxucz0iaHR0cDovL3d3dy53My5vcmcvMjAwMC9zdmciPjwvc3ZnPg==\" style=\"--smush-placeholder-width: 1024px; --smush-placeholder-aspect-ratio: 1024\/768;\" \/><\/figure><div class=\"wp-block-media-text__content\">\n<p class=\"has-medium-font-size\"><strong>11 juin 2024<\/strong> \u2013 Gamotech et McMasterville ont d\u00e9voil\u00e9 l'atelier mobile z\u00e9ro \u00e9mission qui r\u00e9volutionne les travaux publics ! En \u00e9troite collaboration avec la Ville de McMasterville, notre \u00e9quipe a livr\u00e9 le tout premier atelier mobile z\u00e9ro \u00e9mission adapt\u00e9 aux besoins des municipalit\u00e9s du Qu\u00e9bec.<\/p>\n\n\n\n<div class=\"wp-block-buttons is-layout-flex wp-block-buttons-is-layout-flex\">\n<div class=\"wp-block-button\"><a class=\"wp-block-button__link wp-element-button\" href=\"https:\/\/www.mcmasterville.ca\/mcmasterville-et-gamotech-annoncent-la-cocreation-du-tout-premier-atelier-mobile-zero-emission\/\">En savoir plus<\/a><\/div>\n<\/div>\n<\/div><\/div>\n\n\n\n<hr class=\"wp-block-separator has-alpha-channel-opacity\"\/>\n\n\n\n<div class=\"wp-block-media-text is-stacked-on-mobile\" style=\"grid-template-columns:30% auto\"><figure class=\"wp-block-media-text__media\"><img decoding=\"async\" width=\"1024\" height=\"683\" data-src=\"https:\/\/gamotech.ca\/wp-content\/uploads\/2024\/06\/2024-06-11_20465715_Photo_by_Myriam_Baril-Tessier_juin112024_@myriambariltessier_v1-1024x683.jpg\" alt=\"\" class=\"wp-image-1460 size-full lazyload\" data-srcset=\"https:\/\/gamotech.ca\/wp-content\/uploads\/2024\/06\/2024-06-11_20465715_Photo_by_Myriam_Baril-Tessier_juin112024_@myriambariltessier_v1-1024x683.jpg 1024w, https:\/\/gamotech.ca\/wp-content\/uploads\/2024\/06\/2024-06-11_20465715_Photo_by_Myriam_Baril-Tessier_juin112024_@myriambariltessier_v1-300x200.jpg 300w, https:\/\/gamotech.ca\/wp-content\/uploads\/2024\/06\/2024-06-11_20465715_Photo_by_Myriam_Baril-Tessier_juin112024_@myriambariltessier_v1-768x512.jpg 768w, https:\/\/gamotech.ca\/wp-content\/uploads\/2024\/06\/2024-06-11_20465715_Photo_by_Myriam_Baril-Tessier_juin112024_@myriambariltessier_v1-1536x1024.jpg 1536w, https:\/\/gamotech.ca\/wp-content\/uploads\/2024\/06\/2024-06-11_20465715_Photo_by_Myriam_Baril-Tessier_juin112024_@myriambariltessier_v1-2048x1365.jpg 2048w, https:\/\/gamotech.ca\/wp-content\/uploads\/2024\/06\/2024-06-11_20465715_Photo_by_Myriam_Baril-Tessier_juin112024_@myriambariltessier_v1-18x12.jpg 18w\" data-sizes=\"auto, (max-width: 1024px) 100vw, 1024px\" src=\"data:image\/svg+xml;base64,PHN2ZyB3aWR0aD0iMSIgaGVpZ2h0PSIxIiB4bWxucz0iaHR0cDovL3d3dy53My5vcmcvMjAwMC9zdmciPjwvc3ZnPg==\" style=\"--smush-placeholder-width: 1024px; --smush-placeholder-aspect-ratio: 1024\/683;\" \/><\/figure><div class=\"wp-block-media-text__content\">\n<p class=\"has-medium-font-size\"><strong>11 juin 2024<\/strong> \u2013 Gamotech a re\u00e7u le prix Impact P\u00f4le IDEOS 2024 lors du Gala D\u00e9moDay de HEC Montr\u00e9al. Notre PDG Olivier Brault a pr\u00e9sent\u00e9 notre vision de l'\u00e9quipement z\u00e9ro \u00e9mission pour les travaux publics devant 700 personnes issues du monde acad\u00e9mique, entrepreneurial et des affaires.<\/p>\n<\/div><\/div>\n\n\n\n<hr class=\"wp-block-separator has-alpha-channel-opacity\"\/>\n\n\n\n<div class=\"wp-block-media-text is-stacked-on-mobile\" style=\"grid-template-columns:30% auto\"><figure class=\"wp-block-media-text__media\"><img decoding=\"async\" width=\"1024\" height=\"768\" data-src=\"https:\/\/gamotech.ca\/wp-content\/uploads\/2024\/06\/IMG_1288-1024x768.jpg\" alt=\"\" class=\"wp-image-1459 size-full lazyload\" data-srcset=\"https:\/\/gamotech.ca\/wp-content\/uploads\/2024\/06\/IMG_1288-1024x768.jpg 1024w, https:\/\/gamotech.ca\/wp-content\/uploads\/2024\/06\/IMG_1288-300x225.jpg 300w, https:\/\/gamotech.ca\/wp-content\/uploads\/2024\/06\/IMG_1288-768x576.jpg 768w, https:\/\/gamotech.ca\/wp-content\/uploads\/2024\/06\/IMG_1288-1536x1152.jpg 1536w, https:\/\/gamotech.ca\/wp-content\/uploads\/2024\/06\/IMG_1288-2048x1536.jpg 2048w, https:\/\/gamotech.ca\/wp-content\/uploads\/2024\/06\/IMG_1288-16x12.jpg 16w\" data-sizes=\"auto, (max-width: 1024px) 100vw, 1024px\" src=\"data:image\/svg+xml;base64,PHN2ZyB3aWR0aD0iMSIgaGVpZ2h0PSIxIiB4bWxucz0iaHR0cDovL3d3dy53My5vcmcvMjAwMC9zdmciPjwvc3ZnPg==\" style=\"--smush-placeholder-width: 1024px; --smush-placeholder-aspect-ratio: 1024\/768;\" \/><\/figure><div class=\"wp-block-media-text__content\">\n<p class=\"has-link-color has-medium-font-size wp-elements-405aa0bb96402dc3cb69b01fcd12b777\"><strong>Juin 2024<\/strong> \u2013 L'innovation de Gamotech dans les m\u00e9dias ! Notre PDG Olivier Brault a \u00e9t\u00e9 invit\u00e9 \u00e0 la radio sur <a href=\"http:\/\/ici.radio-canada.ca\/ohdio\/premiere\/emissions\/feu-vert\/segments\/rattrapage\/1017798\/gamotech-electrifier-travaux-publics-et-chantiers-construction\">ICI Radio-Canada<\/a>, tandis que <a href=\"http:\/\/oeilregional.com\/une-nouvelle-unite-mobile-pour-les-travaux-sans-emission-voit-le-jour\/\">L&#8217;Oeil r\u00e9gional<\/a> et <a href=\"http:\/\/electricite-plus.com\/sujets\/gamotech\/\">\u00c9lectricit\u00e9 Plus<\/a> ont couvert le d\u00e9voilement de notre atelier mobile z\u00e9ro \u00e9mission, soulignant notre impact dans l'industrie. <\/p>\n<\/div><\/div>\n\n\n\n<hr class=\"wp-block-separator has-alpha-channel-opacity\"\/>\n\n\n\n<div class=\"wp-block-media-text alignwide is-stacked-on-mobile\" style=\"grid-template-columns:30% auto\"><figure class=\"wp-block-media-text__media\"><img decoding=\"async\" width=\"498\" height=\"97\" data-src=\"https:\/\/gamotech.ca\/wp-content\/uploads\/2022\/03\/Logo-Propulsion-Quebec.png\" alt=\"\" class=\"wp-image-368 size-full lazyload\" data-srcset=\"https:\/\/gamotech.ca\/wp-content\/uploads\/2022\/03\/Logo-Propulsion-Quebec.png 498w, https:\/\/gamotech.ca\/wp-content\/uploads\/2022\/03\/Logo-Propulsion-Quebec-300x58.png 300w, https:\/\/gamotech.ca\/wp-content\/uploads\/2022\/03\/Logo-Propulsion-Quebec-18x4.png 18w\" data-sizes=\"auto, (max-width: 498px) 100vw, 498px\" src=\"data:image\/svg+xml;base64,PHN2ZyB3aWR0aD0iMSIgaGVpZ2h0PSIxIiB4bWxucz0iaHR0cDovL3d3dy53My5vcmcvMjAwMC9zdmciPjwvc3ZnPg==\" style=\"--smush-placeholder-width: 498px; --smush-placeholder-aspect-ratio: 498\/97;\" \/><\/figure><div class=\"wp-block-media-text__content\">\n<p class=\"has-medium-font-size\"><strong>January 2022 <\/strong>&#8211;<strong> <\/strong>Gamotech se joint \u00e0 Propulsion Qu\u00e9bec pour la promotion et le d\u00e9veloppement de technologies propres pour l'industrie.<\/p>\n<\/div><\/div>\n\n\n\n<hr class=\"wp-block-separator has-alpha-channel-opacity\"\/>","protected":false},"excerpt":{"rendered":"<p>June 21, 2024 &#8211; The Gamotech solution in action! Our zero-emission mobile workshop proved its versatility in McMasterville! It was first deployed to efficiently repair a water main break, then power clean electricity for the F\u00eate nationale celebrations. A successful double demonstration of our innovative technology! June 11, 2024 &#8211; Gamotech received the P\u00f4le IDEOS [&hellip;]<\/p>\n","protected":false},"author":1,"featured_media":0,"parent":0,"menu_order":0,"comment_status":"closed","ping_status":"closed","template":"","meta":{"_acf_changed":false,"_coblocks_attr":"","_coblocks_dimensions":"{\"coblocks-hero-419191855710\":{\"padding\":{}}}","_coblocks_responsive_height":"","_coblocks_accordion_ie_support":"","om_disable_all_campaigns":false,"_monsterinsights_skip_tracking":false,"_monsterinsights_sitenote_active":false,"_monsterinsights_sitenote_note":"","_monsterinsights_sitenote_category":0,"_uf_show_specific_survey":0,"_uf_disable_surveys":false,"footnotes":""},"class_list":["post-319","page","type-page","status-publish","hentry"],"blocksy_meta":{"styles_descriptor":{"styles":{"desktop":"","tablet":"","mobile":""},"google_fonts":[],"version":6}},"acf":[],"yoast_head":"<!-- This site is optimized with the Yoast SEO plugin v27.4 - https:\/\/yoast.com\/product\/yoast-seo-wordpress\/ -->\n<title>MILESTONES - Gamotech.ca<\/title>\n<meta name=\"robots\" content=\"index, follow, max-snippet:-1, max-image-preview:large, max-video-preview:-1\" \/>\n<link rel=\"canonical\" href=\"https:\/\/gamotech.ca\/fr\/milestones\/\" \/>\n<meta property=\"og:locale\" content=\"fr_CA\" \/>\n<meta property=\"og:type\" content=\"article\" \/>\n<meta property=\"og:title\" content=\"MILESTONES - Gamotech.ca\" \/>\n<meta property=\"og:description\" content=\"June 21, 2024 &#8211; The Gamotech solution in action! Our zero-emission mobile workshop proved its versatility in McMasterville! It was first deployed to efficiently repair a water main break, then power clean electricity for the F\u00eate nationale celebrations. A successful double demonstration of our innovative technology! June 11, 2024 &#8211; Gamotech received the P\u00f4le IDEOS [&hellip;]\" \/>\n<meta property=\"og:url\" content=\"https:\/\/gamotech.ca\/fr\/milestones\/\" \/>\n<meta property=\"og:site_name\" content=\"Gamotech.ca\" \/>\n<meta property=\"article:modified_time\" content=\"2024-06-27T16:20:53+00:00\" \/>\n<meta property=\"og:image\" content=\"https:\/\/gamotech.ca\/wp-content\/uploads\/2024\/06\/IMG_1844-3-1024x768.jpg\" \/>\n<meta name=\"twitter:card\" content=\"summary_large_image\" \/>\n<meta name=\"twitter:label1\" content=\"Estimation du temps de lecture\" \/>\n\t<meta name=\"twitter:data1\" content=\"3 minutes\" \/>\n<script type=\"application\/ld+json\" class=\"yoast-schema-graph\">{\"@context\":\"https:\\\/\\\/schema.org\",\"@graph\":[{\"@type\":\"WebPage\",\"@id\":\"https:\\\/\\\/gamotech.ca\\\/milestones\\\/\",\"url\":\"https:\\\/\\\/gamotech.ca\\\/milestones\\\/\",\"name\":\"MILESTONES - Gamotech.ca\",\"isPartOf\":{\"@id\":\"https:\\\/\\\/gamotech.ca\\\/#website\"},\"primaryImageOfPage\":{\"@id\":\"https:\\\/\\\/gamotech.ca\\\/milestones\\\/#primaryimage\"},\"image\":{\"@id\":\"https:\\\/\\\/gamotech.ca\\\/milestones\\\/#primaryimage\"},\"thumbnailUrl\":\"https:\\\/\\\/gamotech.ca\\\/wp-content\\\/uploads\\\/2024\\\/06\\\/IMG_1844-3-1024x768.jpg\",\"datePublished\":\"2022-03-31T16:15:14+00:00\",\"dateModified\":\"2024-06-27T16:20:53+00:00\",\"breadcrumb\":{\"@id\":\"https:\\\/\\\/gamotech.ca\\\/milestones\\\/#breadcrumb\"},\"inLanguage\":\"fr-CA\",\"potentialAction\":[{\"@type\":\"ReadAction\",\"target\":[\"https:\\\/\\\/gamotech.ca\\\/milestones\\\/\"]}]},{\"@type\":\"ImageObject\",\"inLanguage\":\"fr-CA\",\"@id\":\"https:\\\/\\\/gamotech.ca\\\/milestones\\\/#primaryimage\",\"url\":\"https:\\\/\\\/gamotech.ca\\\/wp-content\\\/uploads\\\/2024\\\/06\\\/IMG_1844-3-1024x768.jpg\",\"contentUrl\":\"https:\\\/\\\/gamotech.ca\\\/wp-content\\\/uploads\\\/2024\\\/06\\\/IMG_1844-3-1024x768.jpg\"},{\"@type\":\"BreadcrumbList\",\"@id\":\"https:\\\/\\\/gamotech.ca\\\/milestones\\\/#breadcrumb\",\"itemListElement\":[{\"@type\":\"ListItem\",\"position\":1,\"name\":\"Home\",\"item\":\"https:\\\/\\\/gamotech.ca\\\/\"},{\"@type\":\"ListItem\",\"position\":2,\"name\":\"MILESTONES\"}]},{\"@type\":\"WebSite\",\"@id\":\"https:\\\/\\\/gamotech.ca\\\/#website\",\"url\":\"https:\\\/\\\/gamotech.ca\\\/\",\"name\":\"Gamotech.ca\",\"description\":\"ELECTRIFY MOBILE WORKSITES\",\"publisher\":{\"@id\":\"https:\\\/\\\/gamotech.ca\\\/#organization\"},\"potentialAction\":[{\"@type\":\"SearchAction\",\"target\":{\"@type\":\"EntryPoint\",\"urlTemplate\":\"https:\\\/\\\/gamotech.ca\\\/?s={search_term_string}\"},\"query-input\":{\"@type\":\"PropertyValueSpecification\",\"valueRequired\":true,\"valueName\":\"search_term_string\"}}],\"inLanguage\":\"fr-CA\"},{\"@type\":\"Organization\",\"@id\":\"https:\\\/\\\/gamotech.ca\\\/#organization\",\"name\":\"Gamotech.ca\",\"url\":\"https:\\\/\\\/gamotech.ca\\\/\",\"logo\":{\"@type\":\"ImageObject\",\"inLanguage\":\"fr-CA\",\"@id\":\"https:\\\/\\\/gamotech.ca\\\/#\\\/schema\\\/logo\\\/image\\\/\",\"url\":\"https:\\\/\\\/gamotech.ca\\\/wp-content\\\/uploads\\\/2022\\\/05\\\/Logo_couleur-scaled.jpg\",\"contentUrl\":\"https:\\\/\\\/gamotech.ca\\\/wp-content\\\/uploads\\\/2022\\\/05\\\/Logo_couleur-scaled.jpg\",\"width\":2560,\"height\":503,\"caption\":\"Gamotech.ca\"},\"image\":{\"@id\":\"https:\\\/\\\/gamotech.ca\\\/#\\\/schema\\\/logo\\\/image\\\/\"}}]}<\/script>\n<!-- \/ Yoast SEO plugin. -->","yoast_head_json":{"title":"JALONS - Gamotech.ca","robots":{"index":"index","follow":"follow","max-snippet":"max-snippet:-1","max-image-preview":"max-image-preview:large","max-video-preview":"max-video-preview:-1"},"canonical":"https:\/\/gamotech.ca\/fr\/milestones\/","og_locale":"fr_CA","og_type":"article","og_title":"MILESTONES - Gamotech.ca","og_description":"June 21, 2024 &#8211; The Gamotech solution in action! Our zero-emission mobile workshop proved its versatility in McMasterville! It was first deployed to efficiently repair a water main break, then power clean electricity for the F\u00eate nationale celebrations. A successful double demonstration of our innovative technology! June 11, 2024 &#8211; Gamotech received the P\u00f4le IDEOS [&hellip;]","og_url":"https:\/\/gamotech.ca\/fr\/milestones\/","og_site_name":"Gamotech.ca","article_modified_time":"2024-06-27T16:20:53+00:00","og_image":[{"url":"https:\/\/gamotech.ca\/wp-content\/uploads\/2024\/06\/IMG_1844-3-1024x768.jpg","type":"","width":"","height":""}],"twitter_card":"summary_large_image","twitter_misc":{"Estimation du temps de lecture":"3 minutes"},"schema":{"@context":"https:\/\/schema.org","@graph":[{"@type":"WebPage","@id":"https:\/\/gamotech.ca\/milestones\/","url":"https:\/\/gamotech.ca\/milestones\/","name":"JALONS - Gamotech.ca","isPartOf":{"@id":"https:\/\/gamotech.ca\/#website"},"primaryImageOfPage":{"@id":"https:\/\/gamotech.ca\/milestones\/#primaryimage"},"image":{"@id":"https:\/\/gamotech.ca\/milestones\/#primaryimage"},"thumbnailUrl":"https:\/\/gamotech.ca\/wp-content\/uploads\/2024\/06\/IMG_1844-3-1024x768.jpg","datePublished":"2022-03-31T16:15:14+00:00","dateModified":"2024-06-27T16:20:53+00:00","breadcrumb":{"@id":"https:\/\/gamotech.ca\/milestones\/#breadcrumb"},"inLanguage":"fr-CA","potentialAction":[{"@type":"ReadAction","target":["https:\/\/gamotech.ca\/milestones\/"]}]},{"@type":"ImageObject","inLanguage":"fr-CA","@id":"https:\/\/gamotech.ca\/milestones\/#primaryimage","url":"https:\/\/gamotech.ca\/wp-content\/uploads\/2024\/06\/IMG_1844-3-1024x768.jpg","contentUrl":"https:\/\/gamotech.ca\/wp-content\/uploads\/2024\/06\/IMG_1844-3-1024x768.jpg"},{"@type":"BreadcrumbList","@id":"https:\/\/gamotech.ca\/milestones\/#breadcrumb","itemListElement":[{"@type":"ListItem","position":1,"name":"Home","item":"https:\/\/gamotech.ca\/"},{"@type":"ListItem","position":2,"name":"MILESTONES"}]},{"@type":"WebSite","@id":"https:\/\/gamotech.ca\/#website","url":"https:\/\/gamotech.ca\/","name":"Gamotech.ca","description":"\u00c9LECTRIFIEZ LES CHANTIERS MOBILES","publisher":{"@id":"https:\/\/gamotech.ca\/#organization"},"potentialAction":[{"@type":"SearchAction","target":{"@type":"EntryPoint","urlTemplate":"https:\/\/gamotech.ca\/?s={search_term_string}"},"query-input":{"@type":"PropertyValueSpecification","valueRequired":true,"valueName":"search_term_string"}}],"inLanguage":"fr-CA"},{"@type":"Organization","@id":"https:\/\/gamotech.ca\/#organization","name":"Gamotech.ca","url":"https:\/\/gamotech.ca\/","logo":{"@type":"ImageObject","inLanguage":"fr-CA","@id":"https:\/\/gamotech.ca\/#\/schema\/logo\/image\/","url":"https:\/\/gamotech.ca\/wp-content\/uploads\/2022\/05\/Logo_couleur-scaled.jpg","contentUrl":"https:\/\/gamotech.ca\/wp-content\/uploads\/2022\/05\/Logo_couleur-scaled.jpg","width":2560,"height":503,"caption":"Gamotech.ca"},"image":{"@id":"https:\/\/gamotech.ca\/#\/schema\/logo\/image\/"}}]}},"_links":{"self":[{"href":"https:\/\/gamotech.ca\/fr\/wp-json\/wp\/v2\/pages\/319","targetHints":{"allow":["GET"]}}],"collection":[{"href":"https:\/\/gamotech.ca\/fr\/wp-json\/wp\/v2\/pages"}],"about":[{"href":"https:\/\/gamotech.ca\/fr\/wp-json\/wp\/v2\/types\/page"}],"author":[{"embeddable":true,"href":"https:\/\/gamotech.ca\/fr\/wp-json\/wp\/v2\/users\/1"}],"replies":[{"embeddable":true,"href":"https:\/\/gamotech.ca\/fr\/wp-json\/wp\/v2\/comments?post=319"}],"version-history":[{"count":14,"href":"https:\/\/gamotech.ca\/fr\/wp-json\/wp\/v2\/pages\/319\/revisions"}],"predecessor-version":[{"id":1484,"href":"https:\/\/gamotech.ca\/fr\/wp-json\/wp\/v2\/pages\/319\/revisions\/1484"}],"wp:attachment":[{"href":"https:\/\/gamotech.ca\/fr\/wp-json\/wp\/v2\/media?parent=319"}],"curies":[{"name":"wp","href":"https:\/\/api.w.org\/{rel}","templated":true}]}}