{"id":479,"date":"2022-04-07T12:57:04","date_gmt":"2022-04-07T12:57:04","guid":{"rendered":"https:\/\/gamotech.ca\/?page_id=479"},"modified":"2022-05-20T19:40:54","modified_gmt":"2022-05-20T19:40:54","slug":"fightclimatechange","status":"publish","type":"page","link":"https:\/\/gamotech.ca\/fr\/fightclimatechange\/","title":{"rendered":"Lutter contre les changements climatiques"},"content":{"rendered":"<div class=\"wp-block-coblocks-hero alignfull coblocks-hero-417164821127\"><div class=\"wp-block-coblocks-hero__inner has-background-overlay bg-cover has-background-image bg-no-repeat bg-center-center has-background-overlay-20 hero-center-center-align has-padding has-huge-padding has-center-content is-fullscreen lazyload\" style=\"background-image:inherit\" data-bg-image=\"url(https:\/\/gamotech.ca\/wp-content\/uploads\/2022\/04\/Green-Electric-truck-charging-scaled.jpg)\"><div class=\"wp-block-coblocks-hero__content-wrapper\"><div class=\"wp-block-coblocks-hero__content\" style=\"max-width:1000px\">\n<h2 class=\"has-palette-color-8-color has-text-color wp-block-heading\" style=\"font-size:clamp(1.696rem, 1.696rem + ((1vw - 0.2rem) * 1.505), 2.9rem);\">Notre promesse envers vous<\/h2>\n\n\n\n<p class=\"has-palette-color-8-color has-text-color\" style=\"font-size:clamp(1.198rem, 1.198rem + ((1vw - 0.2rem) * 0.878), 1.9rem);\">Consacrer nos ressources \u00e0 la lutte contre le changement climatique de mani\u00e8re durable.<\/p>\n<\/div><\/div><\/div><\/div>\n\n\n\n<div class=\"wp-block-media-text alignwide is-stacked-on-mobile\" style=\"grid-template-columns:39% auto\"><figure class=\"wp-block-media-text__media\"><a href=\"https:\/\/www.un.org\/sustainabledevelopment\/development-agenda\/\" target=\"_blank\" rel=\"noopener\"><img decoding=\"async\" width=\"1024\" height=\"606\" data-src=\"https:\/\/gamotech.ca\/wp-content\/uploads\/2022\/04\/E_SDG_logo_without_UN_emblem_Square_WEB.png-1024x606.png\" alt=\"The Sustainable Development Goals are a universal call to action to end poverty, protect the planet and improve the lives and prospects of everyone, everywhere\" class=\"wp-image-481 size-full lazyload\" data-srcset=\"https:\/\/gamotech.ca\/wp-content\/uploads\/2022\/04\/E_SDG_logo_without_UN_emblem_Square_WEB.png-1024x606.png 1024w, https:\/\/gamotech.ca\/wp-content\/uploads\/2022\/04\/E_SDG_logo_without_UN_emblem_Square_WEB.png-300x178.png 300w, https:\/\/gamotech.ca\/wp-content\/uploads\/2022\/04\/E_SDG_logo_without_UN_emblem_Square_WEB.png-768x455.png 768w, https:\/\/gamotech.ca\/wp-content\/uploads\/2022\/04\/E_SDG_logo_without_UN_emblem_Square_WEB.png-18x12.png 18w, https:\/\/gamotech.ca\/wp-content\/uploads\/2022\/04\/E_SDG_logo_without_UN_emblem_Square_WEB.png.png 1311w\" data-sizes=\"auto, (max-width: 1024px) 100vw, 1024px\" src=\"data:image\/svg+xml;base64,PHN2ZyB3aWR0aD0iMSIgaGVpZ2h0PSIxIiB4bWxucz0iaHR0cDovL3d3dy53My5vcmcvMjAwMC9zdmciPjwvc3ZnPg==\" style=\"--smush-placeholder-width: 1024px; --smush-placeholder-aspect-ratio: 1024\/606;\" \/><\/a><\/figure><div class=\"wp-block-media-text__content\">\n<p class=\"has-large-font-size\">Travailler pour un avenir durable de l&#039;industrie et de la communaut\u00e9. <\/p>\n\n\n\n<p>Nous alignerons nos actions et documenterons nos progr\u00e8s sur le Programme de d\u00e9veloppement durable \u00e0 l&#039;horizon 2030 d\u00e9fini par les Nations Unies. Nous esp\u00e9rons obtenir votre soutien total, car ensemble, nous pouvons faire plus !<\/p>\n\n\n\n<div class=\"wp-block-buttons is-content-justification-center is-layout-flex wp-container-core-buttons-is-layout-a89b3969 wp-block-buttons-is-layout-flex\">\n<div class=\"wp-block-button\"><a class=\"wp-block-button__link\" href=\"https:\/\/gamotech.ca\/fr\/careers\/\">Rejoignez-nous<\/a><\/div>\n<\/div>\n<\/div><\/div>\n\n\n\n<div class=\"wp-block-columns is-layout-flex wp-container-core-columns-is-layout-28f84493 wp-block-columns-is-layout-flex\">\n<div class=\"wp-block-column is-layout-flow wp-block-column-is-layout-flow\">\n<div class=\"wp-block-media-text is-stacked-on-mobile\"><figure class=\"wp-block-media-text__media\"><img decoding=\"async\" width=\"1024\" height=\"1024\" data-src=\"https:\/\/gamotech.ca\/wp-content\/uploads\/2022\/04\/E-WEB-Goal-11-1024x1024.png\" alt=\"\" class=\"wp-image-483 size-full lazyload\" data-srcset=\"https:\/\/gamotech.ca\/wp-content\/uploads\/2022\/04\/E-WEB-Goal-11-1024x1024.png 1024w, https:\/\/gamotech.ca\/wp-content\/uploads\/2022\/04\/E-WEB-Goal-11-300x300.png 300w, https:\/\/gamotech.ca\/wp-content\/uploads\/2022\/04\/E-WEB-Goal-11-150x150.png 150w, https:\/\/gamotech.ca\/wp-content\/uploads\/2022\/04\/E-WEB-Goal-11-768x768.png 768w, https:\/\/gamotech.ca\/wp-content\/uploads\/2022\/04\/E-WEB-Goal-11-12x12.png 12w, https:\/\/gamotech.ca\/wp-content\/uploads\/2022\/04\/E-WEB-Goal-11.png 1500w\" data-sizes=\"auto, (max-width: 1024px) 100vw, 1024px\" src=\"data:image\/svg+xml;base64,PHN2ZyB3aWR0aD0iMSIgaGVpZ2h0PSIxIiB4bWxucz0iaHR0cDovL3d3dy53My5vcmcvMjAwMC9zdmciPjwvc3ZnPg==\" style=\"--smush-placeholder-width: 1024px; --smush-placeholder-aspect-ratio: 1024\/1024;\" \/><\/figure><div class=\"wp-block-media-text__content\">\n<p class=\"has-text-align-left has-custom-lineheight\" style=\"font-size:clamp(15.747px, 0.984rem + ((1vw - 3.2px) * 0.645), 24px);line-height:1.33\">Travailler avec les municipalit\u00e9s pour construire des villes durables et intelligentes<\/p>\n\n\n\n<p class=\"has-text-align-left\">Si vous \u00eates une municipalit\u00e9 ou un particulier int\u00e9ress\u00e9 \u00e0 am\u00e9liorer votre communaut\u00e9, n&#039;h\u00e9sitez pas \u00e0 nous contacter pour partager vos id\u00e9es !<br><\/p>\n<\/div><\/div>\n\n\n\n<div class=\"wp-block-coblocks-row coblocks-row-418122855363\" data-columns=\"1\" data-layout=\"100\"><div class=\"wp-block-coblocks-row__inner has-no-padding has-no-margin is-stacked-on-mobile has-medium-gutter\">\n<div class=\"wp-block-coblocks-column coblocks-column-41812296287\" style=\"width:100%\"><div class=\"wp-block-coblocks-column__inner has-no-padding has-no-margin\">\n<p><\/p>\n<\/div><\/div>\n<\/div><\/div>\n<\/div>\n\n\n\n<div class=\"wp-block-column is-layout-flow wp-block-column-is-layout-flow\">\n<div class=\"wp-block-media-text alignwide is-stacked-on-mobile\"><figure class=\"wp-block-media-text__media\"><img decoding=\"async\" width=\"1024\" height=\"1024\" data-src=\"https:\/\/gamotech.ca\/wp-content\/uploads\/2022\/04\/E-WEB-Goal-13-1024x1024.png\" alt=\"\" class=\"wp-image-482 size-full lazyload\" data-srcset=\"https:\/\/gamotech.ca\/wp-content\/uploads\/2022\/04\/E-WEB-Goal-13-1024x1024.png 1024w, https:\/\/gamotech.ca\/wp-content\/uploads\/2022\/04\/E-WEB-Goal-13-300x300.png 300w, https:\/\/gamotech.ca\/wp-content\/uploads\/2022\/04\/E-WEB-Goal-13-150x150.png 150w, https:\/\/gamotech.ca\/wp-content\/uploads\/2022\/04\/E-WEB-Goal-13-768x768.png 768w, https:\/\/gamotech.ca\/wp-content\/uploads\/2022\/04\/E-WEB-Goal-13-12x12.png 12w, https:\/\/gamotech.ca\/wp-content\/uploads\/2022\/04\/E-WEB-Goal-13.png 1500w\" data-sizes=\"auto, (max-width: 1024px) 100vw, 1024px\" src=\"data:image\/svg+xml;base64,PHN2ZyB3aWR0aD0iMSIgaGVpZ2h0PSIxIiB4bWxucz0iaHR0cDovL3d3dy53My5vcmcvMjAwMC9zdmciPjwvc3ZnPg==\" style=\"--smush-placeholder-width: 1024px; --smush-placeholder-aspect-ratio: 1024\/1024;\" \/><\/figure><div class=\"wp-block-media-text__content\">\n<p style=\"font-size:clamp(15.747px, 0.984rem + ((1vw - 3.2px) * 0.645), 24px);\">Lutter contre le changement climatique gr\u00e2ce \u00e0 l&#039;\u00e9lectrification<\/p>\n\n\n\n<p>Actuellement, la plupart des chantiers sont aliment\u00e9s par des prises de force \u00e0 carburant. L&#039;\u00e9lectrification \u00e9limine la marche au ralenti des camions et r\u00e9duit les \u00e9missions.<\/p>\n<\/div><\/div>\n<\/div>\n<\/div>\n\n\n\n\n\n<p><\/p>","protected":false},"excerpt":{"rendered":"<p>Working with municipalities to build sustainable and smart cities If you are a municipality or an individual interested in improving your community, don&#8217;t hesitate to contact us to share your ideas! Fighting climate change through electrification Currently, most work sites are powered by fuel-based PTOs. Electrifying eliminates truck idling and cuts down on emissions.<\/p>","protected":false},"author":1,"featured_media":0,"parent":0,"menu_order":0,"comment_status":"closed","ping_status":"closed","template":"","meta":{"_acf_changed":false,"_coblocks_attr":"","_coblocks_dimensions":"{\"coblocks-hero-417164821127\":{\"padding\":{}},\"coblocks-hero-418122150224\":{\"padding\":{}}}","_coblocks_responsive_height":"","_coblocks_accordion_ie_support":"","om_disable_all_campaigns":false,"_monsterinsights_skip_tracking":false,"_monsterinsights_sitenote_active":false,"_monsterinsights_sitenote_note":"","_monsterinsights_sitenote_category":0,"_uf_show_specific_survey":0,"_uf_disable_surveys":false,"footnotes":""},"class_list":["post-479","page","type-page","status-publish","hentry"],"blocksy_meta":{"styles_descriptor":{"styles":{"desktop":"","tablet":"","mobile":""},"google_fonts":[],"version":6}},"acf":[],"yoast_head":"<!-- This site is optimized with the Yoast SEO plugin v27.4 - https:\/\/yoast.com\/product\/yoast-seo-wordpress\/ -->\n<title>Fight Climate Changes Through Electrification - Gamotech.ca<\/title>\n<meta name=\"description\" content=\"Join our efforts to have a positive impact on the world and fight climate change. Follow our progress along the UN 2030 Development Goals!\" \/>\n<meta name=\"robots\" content=\"index, follow, max-snippet:-1, max-image-preview:large, max-video-preview:-1\" \/>\n<link rel=\"canonical\" href=\"https:\/\/gamotech.ca\/fr\/fightclimatechange\/\" \/>\n<meta property=\"og:locale\" content=\"fr_CA\" \/>\n<meta property=\"og:type\" content=\"article\" \/>\n<meta property=\"og:title\" content=\"Fight Climate Changes Through Electrification - Gamotech.ca\" \/>\n<meta property=\"og:description\" content=\"Join our efforts to have a positive impact on the world and fight climate change. Follow our progress along the UN 2030 Development Goals!\" \/>\n<meta property=\"og:url\" content=\"https:\/\/gamotech.ca\/fr\/fightclimatechange\/\" \/>\n<meta property=\"og:site_name\" content=\"Gamotech.ca\" \/>\n<meta property=\"article:modified_time\" content=\"2022-05-20T19:40:54+00:00\" \/>\n<meta property=\"og:image\" content=\"https:\/\/gamotech.ca\/wp-content\/uploads\/2022\/04\/E_SDG_logo_without_UN_emblem_Square_WEB.png-1024x606.png\" \/>\n<meta name=\"twitter:card\" content=\"summary_large_image\" \/>\n<meta name=\"twitter:label1\" content=\"Estimation du temps de lecture\" \/>\n\t<meta name=\"twitter:data1\" content=\"2 minutes\" \/>\n<script type=\"application\/ld+json\" class=\"yoast-schema-graph\">{\"@context\":\"https:\\\/\\\/schema.org\",\"@graph\":[{\"@type\":\"WebPage\",\"@id\":\"https:\\\/\\\/gamotech.ca\\\/fightclimatechange\\\/\",\"url\":\"https:\\\/\\\/gamotech.ca\\\/fightclimatechange\\\/\",\"name\":\"Fight Climate Changes Through Electrification - Gamotech.ca\",\"isPartOf\":{\"@id\":\"https:\\\/\\\/gamotech.ca\\\/#website\"},\"primaryImageOfPage\":{\"@id\":\"https:\\\/\\\/gamotech.ca\\\/fightclimatechange\\\/#primaryimage\"},\"image\":{\"@id\":\"https:\\\/\\\/gamotech.ca\\\/fightclimatechange\\\/#primaryimage\"},\"thumbnailUrl\":\"https:\\\/\\\/gamotech.ca\\\/wp-content\\\/uploads\\\/2022\\\/04\\\/E_SDG_logo_without_UN_emblem_Square_WEB.png-1024x606.png\",\"datePublished\":\"2022-04-07T12:57:04+00:00\",\"dateModified\":\"2022-05-20T19:40:54+00:00\",\"description\":\"Join our efforts to have a positive impact on the world and fight climate change. Follow our progress along the UN 2030 Development Goals!\",\"breadcrumb\":{\"@id\":\"https:\\\/\\\/gamotech.ca\\\/fightclimatechange\\\/#breadcrumb\"},\"inLanguage\":\"fr-CA\",\"potentialAction\":[{\"@type\":\"ReadAction\",\"target\":[\"https:\\\/\\\/gamotech.ca\\\/fightclimatechange\\\/\"]}]},{\"@type\":\"ImageObject\",\"inLanguage\":\"fr-CA\",\"@id\":\"https:\\\/\\\/gamotech.ca\\\/fightclimatechange\\\/#primaryimage\",\"url\":\"https:\\\/\\\/gamotech.ca\\\/wp-content\\\/uploads\\\/2022\\\/04\\\/E_SDG_logo_without_UN_emblem_Square_WEB.png-1024x606.png\",\"contentUrl\":\"https:\\\/\\\/gamotech.ca\\\/wp-content\\\/uploads\\\/2022\\\/04\\\/E_SDG_logo_without_UN_emblem_Square_WEB.png-1024x606.png\"},{\"@type\":\"BreadcrumbList\",\"@id\":\"https:\\\/\\\/gamotech.ca\\\/fightclimatechange\\\/#breadcrumb\",\"itemListElement\":[{\"@type\":\"ListItem\",\"position\":1,\"name\":\"Home\",\"item\":\"https:\\\/\\\/gamotech.ca\\\/\"},{\"@type\":\"ListItem\",\"position\":2,\"name\":\"Fight Climate Changes\"}]},{\"@type\":\"WebSite\",\"@id\":\"https:\\\/\\\/gamotech.ca\\\/#website\",\"url\":\"https:\\\/\\\/gamotech.ca\\\/\",\"name\":\"Gamotech.ca\",\"description\":\"ELECTRIFY MOBILE WORKSITES\",\"publisher\":{\"@id\":\"https:\\\/\\\/gamotech.ca\\\/#organization\"},\"potentialAction\":[{\"@type\":\"SearchAction\",\"target\":{\"@type\":\"EntryPoint\",\"urlTemplate\":\"https:\\\/\\\/gamotech.ca\\\/?s={search_term_string}\"},\"query-input\":{\"@type\":\"PropertyValueSpecification\",\"valueRequired\":true,\"valueName\":\"search_term_string\"}}],\"inLanguage\":\"fr-CA\"},{\"@type\":\"Organization\",\"@id\":\"https:\\\/\\\/gamotech.ca\\\/#organization\",\"name\":\"Gamotech.ca\",\"url\":\"https:\\\/\\\/gamotech.ca\\\/\",\"logo\":{\"@type\":\"ImageObject\",\"inLanguage\":\"fr-CA\",\"@id\":\"https:\\\/\\\/gamotech.ca\\\/#\\\/schema\\\/logo\\\/image\\\/\",\"url\":\"https:\\\/\\\/gamotech.ca\\\/wp-content\\\/uploads\\\/2022\\\/05\\\/Logo_couleur-scaled.jpg\",\"contentUrl\":\"https:\\\/\\\/gamotech.ca\\\/wp-content\\\/uploads\\\/2022\\\/05\\\/Logo_couleur-scaled.jpg\",\"width\":2560,\"height\":503,\"caption\":\"Gamotech.ca\"},\"image\":{\"@id\":\"https:\\\/\\\/gamotech.ca\\\/#\\\/schema\\\/logo\\\/image\\\/\"}}]}<\/script>\n<!-- \/ Yoast SEO plugin. -->","yoast_head_json":{"title":"Lutter contre les changements climatiques gr\u00e2ce \u00e0 l&#039;\u00e9lectrification - Gamotech.ca","description":"Joignez-vous \u00e0 nos efforts pour avoir un impact positif sur le monde et lutter contre le changement climatique. Suivez nos progr\u00e8s dans le cadre des objectifs de d\u00e9veloppement des Nations Unies pour 2030\u00a0!","robots":{"index":"index","follow":"follow","max-snippet":"max-snippet:-1","max-image-preview":"max-image-preview:large","max-video-preview":"max-video-preview:-1"},"canonical":"https:\/\/gamotech.ca\/fr\/fightclimatechange\/","og_locale":"fr_CA","og_type":"article","og_title":"Fight Climate Changes Through Electrification - Gamotech.ca","og_description":"Join our efforts to have a positive impact on the world and fight climate change. Follow our progress along the UN 2030 Development Goals!","og_url":"https:\/\/gamotech.ca\/fr\/fightclimatechange\/","og_site_name":"Gamotech.ca","article_modified_time":"2022-05-20T19:40:54+00:00","og_image":[{"url":"https:\/\/gamotech.ca\/wp-content\/uploads\/2022\/04\/E_SDG_logo_without_UN_emblem_Square_WEB.png-1024x606.png","type":"","width":"","height":""}],"twitter_card":"summary_large_image","twitter_misc":{"Estimation du temps de lecture":"2 minutes"},"schema":{"@context":"https:\/\/schema.org","@graph":[{"@type":"WebPage","@id":"https:\/\/gamotech.ca\/fightclimatechange\/","url":"https:\/\/gamotech.ca\/fightclimatechange\/","name":"Lutter contre les changements climatiques gr\u00e2ce \u00e0 l&#039;\u00e9lectrification - Gamotech.ca","isPartOf":{"@id":"https:\/\/gamotech.ca\/#website"},"primaryImageOfPage":{"@id":"https:\/\/gamotech.ca\/fightclimatechange\/#primaryimage"},"image":{"@id":"https:\/\/gamotech.ca\/fightclimatechange\/#primaryimage"},"thumbnailUrl":"https:\/\/gamotech.ca\/wp-content\/uploads\/2022\/04\/E_SDG_logo_without_UN_emblem_Square_WEB.png-1024x606.png","datePublished":"2022-04-07T12:57:04+00:00","dateModified":"2022-05-20T19:40:54+00:00","description":"Joignez-vous \u00e0 nos efforts pour avoir un impact positif sur le monde et lutter contre le changement climatique. Suivez nos progr\u00e8s dans le cadre des objectifs de d\u00e9veloppement des Nations Unies pour 2030\u00a0!","breadcrumb":{"@id":"https:\/\/gamotech.ca\/fightclimatechange\/#breadcrumb"},"inLanguage":"fr-CA","potentialAction":[{"@type":"ReadAction","target":["https:\/\/gamotech.ca\/fightclimatechange\/"]}]},{"@type":"ImageObject","inLanguage":"fr-CA","@id":"https:\/\/gamotech.ca\/fightclimatechange\/#primaryimage","url":"https:\/\/gamotech.ca\/wp-content\/uploads\/2022\/04\/E_SDG_logo_without_UN_emblem_Square_WEB.png-1024x606.png","contentUrl":"https:\/\/gamotech.ca\/wp-content\/uploads\/2022\/04\/E_SDG_logo_without_UN_emblem_Square_WEB.png-1024x606.png"},{"@type":"BreadcrumbList","@id":"https:\/\/gamotech.ca\/fightclimatechange\/#breadcrumb","itemListElement":[{"@type":"ListItem","position":1,"name":"Home","item":"https:\/\/gamotech.ca\/"},{"@type":"ListItem","position":2,"name":"Fight Climate Changes"}]},{"@type":"WebSite","@id":"https:\/\/gamotech.ca\/#website","url":"https:\/\/gamotech.ca\/","name":"Gamotech.ca","description":"\u00c9LECTRIFIEZ LES CHANTIERS MOBILES","publisher":{"@id":"https:\/\/gamotech.ca\/#organization"},"potentialAction":[{"@type":"SearchAction","target":{"@type":"EntryPoint","urlTemplate":"https:\/\/gamotech.ca\/?s={search_term_string}"},"query-input":{"@type":"PropertyValueSpecification","valueRequired":true,"valueName":"search_term_string"}}],"inLanguage":"fr-CA"},{"@type":"Organization","@id":"https:\/\/gamotech.ca\/#organization","name":"Gamotech.ca","url":"https:\/\/gamotech.ca\/","logo":{"@type":"ImageObject","inLanguage":"fr-CA","@id":"https:\/\/gamotech.ca\/#\/schema\/logo\/image\/","url":"https:\/\/gamotech.ca\/wp-content\/uploads\/2022\/05\/Logo_couleur-scaled.jpg","contentUrl":"https:\/\/gamotech.ca\/wp-content\/uploads\/2022\/05\/Logo_couleur-scaled.jpg","width":2560,"height":503,"caption":"Gamotech.ca"},"image":{"@id":"https:\/\/gamotech.ca\/#\/schema\/logo\/image\/"}}]}},"_links":{"self":[{"href":"https:\/\/gamotech.ca\/fr\/wp-json\/wp\/v2\/pages\/479","targetHints":{"allow":["GET"]}}],"collection":[{"href":"https:\/\/gamotech.ca\/fr\/wp-json\/wp\/v2\/pages"}],"about":[{"href":"https:\/\/gamotech.ca\/fr\/wp-json\/wp\/v2\/types\/page"}],"author":[{"embeddable":true,"href":"https:\/\/gamotech.ca\/fr\/wp-json\/wp\/v2\/users\/1"}],"replies":[{"embeddable":true,"href":"https:\/\/gamotech.ca\/fr\/wp-json\/wp\/v2\/comments?post=479"}],"version-history":[{"count":22,"href":"https:\/\/gamotech.ca\/fr\/wp-json\/wp\/v2\/pages\/479\/revisions"}],"predecessor-version":[{"id":1350,"href":"https:\/\/gamotech.ca\/fr\/wp-json\/wp\/v2\/pages\/479\/revisions\/1350"}],"wp:attachment":[{"href":"https:\/\/gamotech.ca\/fr\/wp-json\/wp\/v2\/media?parent=479"}],"curies":[{"name":"wp","href":"https:\/\/api.w.org\/{rel}","templated":true}]}}