{"id":486,"date":"2022-04-07T23:58:55","date_gmt":"2022-04-07T23:58:55","guid":{"rendered":"https:\/\/gamotech.ca\/?page_id=486"},"modified":"2026-02-17T01:48:49","modified_gmt":"2026-02-17T01:48:49","slug":"waterworks","status":"publish","type":"page","link":"https:\/\/gamotech.ca\/fr\/sectors\/waterworks\/","title":{"rendered":"Service d'aqueducs"},"content":{"rendered":"<div class=\"wp-block-group alignfull is-layout-flow wp-block-group-is-layout-flow\">\n<div class=\"wp-block-coblocks-hero alignfull coblocks-hero-3873126371\"><div class=\"wp-block-coblocks-hero__inner has-palette-color-8-background-color has-background has-background-overlay bg-cover has-background-image bg-no-repeat has-background-overlay-20 hero-center-center-align has-padding has-huge-padding has-palette-color-8-background-color has-center-content is-fullscreen lazyload\" style=\"background-image:inherit;background-position:50% 50%\" data-bg-image=\"url(https:\/\/gamotech.ca\/wp-content\/uploads\/2025\/07\/Unite-Mobile-4-scaled.jpg)\"><div class=\"wp-block-coblocks-hero__content-wrapper\"><div class=\"wp-block-coblocks-hero__content\" style=\"max-width:1000px\">\n<h2 class=\"wp-block-heading has-palette-color-8-color has-text-color\" style=\"font-size:clamp(1.696rem, 1.696rem + ((1vw - 0.2rem) * 1.505), 2.9rem);\">Modernisez votre camion-outils pour les travaux d'aqueduc<\/h2>\n\n\n\n<p class=\"has-palette-color-8-color has-text-color\" style=\"font-size:clamp(1.198rem, 1.198rem + ((1vw - 0.2rem) * 0.878), 1.9rem);\">D\u00e9couvrez comment nos produits peuvent vous aider<\/p>\n\n\n\n<div class=\"wp-block-buttons is-content-justification-center is-layout-flex wp-container-core-buttons-is-layout-a89b3969 wp-block-buttons-is-layout-flex\">\n<div class=\"wp-block-button\"><a class=\"wp-block-button__link wp-element-button\" href=\"https:\/\/gamotech.ca\/fr\/contact\/\">Demander une d\u00e9mo<\/a><\/div>\n\n\n\n<div class=\"wp-block-button is-style-fill\"><a class=\"wp-block-button__link wp-element-button\" href=\"https:\/\/gamotech.ca\/fr\/products\/gamox-zero-emission-power-unit\/\">Plus d&#039;informations sur le produit<\/a><\/div>\n<\/div>\n<\/div><\/div><\/div><\/div>\n\n\n\n<p class=\"has-text-align-center has-black-color has-text-color has-link-color wp-elements-45cefbf73b406becc07cba56d802890a\" style=\"font-size:30px\"><a href=\"https:\/\/www.mcmasterville.ca\/mcmasterville-remporte-un-second-prix-pour-son-atelier-mobile-zero-emission\/\"><mark style=\"background-color:rgba(0, 0, 0, 0)\" class=\"has-inline-color has-palette-color-2-color\">Gagnant du prix de l'innovation de l'ann\u00e9e au gala TP Qu\u00e9bec 2024.<\/mark><\/a><\/p>\n<\/div>\n\n\n\n<div class=\"wp-block-media-text is-stacked-on-mobile\"><figure class=\"wp-block-media-text__media\"><img decoding=\"async\" width=\"1024\" height=\"768\" data-src=\"https:\/\/gamotech.ca\/wp-content\/uploads\/2025\/07\/image-20241205-182916-f9fcdeaa-1024x768.jpeg\" alt=\"\" class=\"wp-image-1509 size-full lazyload\" data-srcset=\"https:\/\/gamotech.ca\/wp-content\/uploads\/2025\/07\/image-20241205-182916-f9fcdeaa-1024x768.jpeg 1024w, https:\/\/gamotech.ca\/wp-content\/uploads\/2025\/07\/image-20241205-182916-f9fcdeaa-300x225.jpeg 300w, https:\/\/gamotech.ca\/wp-content\/uploads\/2025\/07\/image-20241205-182916-f9fcdeaa-768x576.jpeg 768w, https:\/\/gamotech.ca\/wp-content\/uploads\/2025\/07\/image-20241205-182916-f9fcdeaa-1536x1152.jpeg 1536w, https:\/\/gamotech.ca\/wp-content\/uploads\/2025\/07\/image-20241205-182916-f9fcdeaa-2048x1536.jpeg 2048w, https:\/\/gamotech.ca\/wp-content\/uploads\/2025\/07\/image-20241205-182916-f9fcdeaa-16x12.jpeg 16w\" data-sizes=\"auto, (max-width: 1024px) 100vw, 1024px\" src=\"data:image\/svg+xml;base64,PHN2ZyB3aWR0aD0iMSIgaGVpZ2h0PSIxIiB4bWxucz0iaHR0cDovL3d3dy53My5vcmcvMjAwMC9zdmciPjwvc3ZnPg==\" style=\"--smush-placeholder-width: 1024px; --smush-placeholder-aspect-ratio: 1024\/768;\" \/><\/figure><div class=\"wp-block-media-text__content\">\n<p class=\"has-large-font-size\">De l'\u00e9nergie propre et silencieuse<\/p>\n\n\n\n<ul class=\"wp-block-list\">\n<li><strong>Double sorties hydrauliques: <\/strong>alimentez votre pompe \u00e0 d\u00e9chets et votre scie simultan\u00e9ment avec une seule unit\u00e9 d&#039;alimentation.<\/li>\n\n\n\n<li><strong>Compresseur int\u00e9gr\u00e9 <\/strong>Compresseur int\u00e9gr\u00e9: utilisez tous vos outils pneumatiques sans le bruit du camion.<\/li>\n\n\n\n<li><strong>Am\u00e9liore la sant\u00e9 et s\u00e9curit\u00e9 des travailleurs:<\/strong> \n<ul class=\"wp-block-list\">\n<li>Travaillez en silence pour une communication s\u00e9curitaire sur chantier en ayant l'esprit serein.<\/li>\n\n\n\n<li>Fini les fum\u00e9es toxiques dans les tranch\u00e9es, tout en maintenant la puissance n\u00e9cessaire.<\/li>\n\n\n\n<li>Toute l'\u00e9nergie n\u00e9cessaire pour chauffer et climatiser votre habitacle de travail.<\/li>\n<\/ul>\n<\/li>\n\n\n\n<li><strong>Les batteries embarqu\u00e9es fournissent la puissance pour 48h: <\/strong>Une fois le travail fini, rechargez au garage municipal.<\/li>\n<\/ul>\n\n\n\n<div style=\"height:49px\" aria-hidden=\"true\" class=\"wp-block-spacer\"><\/div>\n\n\n\n<div class=\"wp-block-buttons is-layout-flex wp-block-buttons-is-layout-flex\">\n<div class=\"wp-block-button\"><a class=\"wp-block-button__link wp-element-button\" href=\"https:\/\/tpquebec.ca\/un-camion-dinnovation-pour-les-travaux-publics-de-la-ville-de-mcmasterville\/\">D\u00e9couvrez l'\u00e9tude de cas McMasterville<\/a><\/div>\n<\/div>\n<\/div><\/div>\n\n\n\n<h2 class=\"wp-block-heading\">Am\u00e9liorez la vie de vos \u00e9quipes avec l'atelier climatis\u00e9 Gamotech<\/h2>\n\n\n\n<div class=\"wp-block-columns is-layout-flex wp-container-core-columns-is-layout-28f84493 wp-block-columns-is-layout-flex\">\n<div class=\"wp-block-column is-layout-flow wp-block-column-is-layout-flow\">\n<figure class=\"wp-block-image size-large\"><img decoding=\"async\" width=\"1024\" height=\"692\" data-src=\"https:\/\/gamotech.ca\/wp-content\/uploads\/2025\/07\/Gamo230524-050H-1024x692.jpg\" alt=\"\" class=\"wp-image-1510 lazyload\" data-srcset=\"https:\/\/gamotech.ca\/wp-content\/uploads\/2025\/07\/Gamo230524-050H-1024x692.jpg 1024w, https:\/\/gamotech.ca\/wp-content\/uploads\/2025\/07\/Gamo230524-050H-300x203.jpg 300w, https:\/\/gamotech.ca\/wp-content\/uploads\/2025\/07\/Gamo230524-050H-768x519.jpg 768w, https:\/\/gamotech.ca\/wp-content\/uploads\/2025\/07\/Gamo230524-050H-1536x1038.jpg 1536w, https:\/\/gamotech.ca\/wp-content\/uploads\/2025\/07\/Gamo230524-050H-2048x1384.jpg 2048w, https:\/\/gamotech.ca\/wp-content\/uploads\/2025\/07\/Gamo230524-050H-18x12.jpg 18w\" data-sizes=\"auto, (max-width: 1024px) 100vw, 1024px\" src=\"data:image\/svg+xml;base64,PHN2ZyB3aWR0aD0iMSIgaGVpZ2h0PSIxIiB4bWxucz0iaHR0cDovL3d3dy53My5vcmcvMjAwMC9zdmciPjwvc3ZnPg==\" style=\"--smush-placeholder-width: 1024px; --smush-placeholder-aspect-ratio: 1024\/692;\" \/><\/figure>\n<\/div>\n\n\n\n<div class=\"wp-block-column is-layout-flow wp-block-column-is-layout-flow\">\n<div class=\"wp-block-cover\" style=\"min-height:377px;aspect-ratio:unset;\"><img decoding=\"async\" width=\"1024\" height=\"692\" class=\"wp-block-cover__image-background wp-image-1511 lazyload\" alt=\"\" data-src=\"https:\/\/gamotech.ca\/wp-content\/uploads\/2025\/07\/Gamo230524-010H-1024x692.jpg\" data-object-fit=\"cover\" data-srcset=\"https:\/\/gamotech.ca\/wp-content\/uploads\/2025\/07\/Gamo230524-010H-1024x692.jpg 1024w, https:\/\/gamotech.ca\/wp-content\/uploads\/2025\/07\/Gamo230524-010H-300x203.jpg 300w, https:\/\/gamotech.ca\/wp-content\/uploads\/2025\/07\/Gamo230524-010H-768x519.jpg 768w, https:\/\/gamotech.ca\/wp-content\/uploads\/2025\/07\/Gamo230524-010H-1536x1038.jpg 1536w, https:\/\/gamotech.ca\/wp-content\/uploads\/2025\/07\/Gamo230524-010H-2048x1384.jpg 2048w, https:\/\/gamotech.ca\/wp-content\/uploads\/2025\/07\/Gamo230524-010H-18x12.jpg 18w\" data-sizes=\"auto, (max-width: 1024px) 100vw, 1024px\" src=\"data:image\/svg+xml;base64,PHN2ZyB3aWR0aD0iMSIgaGVpZ2h0PSIxIiB4bWxucz0iaHR0cDovL3d3dy53My5vcmcvMjAwMC9zdmciPjwvc3ZnPg==\" style=\"--smush-placeholder-width: 1024px; --smush-placeholder-aspect-ratio: 1024\/692;\" \/><span aria-hidden=\"true\" class=\"wp-block-cover__background has-background-dim\"><\/span><div class=\"wp-block-cover__inner-container is-layout-flow wp-block-cover-is-layout-flow\">\n<p class=\"has-text-align-center has-large-font-size\">Avant<\/p>\n<\/div><\/div>\n<\/div>\n<\/div>\n\n\n\n<h2 class=\"wp-block-heading\">Coupez le bruit sur chantier pour des travailleurs en meilleure sant\u00e9<\/h2>\n\n\n\n<figure class=\"wp-block-embed is-type-video is-provider-youtube wp-block-embed-youtube wp-embed-aspect-16-9 wp-has-aspect-ratio\"><div class=\"wp-block-embed__wrapper\">\n<iframe title=\"The quietest way to pump water for municipalities\" width=\"1778\" height=\"1000\" data-src=\"https:\/\/www.youtube.com\/embed\/b1y_ZJ3xPW4?feature=oembed\" frameborder=\"0\" allow=\"accelerometer; autoplay; clipboard-write; encrypted-media; gyroscope; picture-in-picture; web-share\" referrerpolicy=\"strict-origin-when-cross-origin\" allowfullscreen src=\"data:image\/svg+xml;base64,PHN2ZyB3aWR0aD0iMSIgaGVpZ2h0PSIxIiB4bWxucz0iaHR0cDovL3d3dy53My5vcmcvMjAwMC9zdmciPjwvc3ZnPg==\" class=\"lazyload\" data-load-mode=\"1\"><\/iframe>\n<\/div><\/figure>\n\n\n\n<h2 class=\"wp-block-heading\">\u00c9pargnez d\u00e8s le jour 1 en d\u00e9couplant l'unit\u00e9 de travail du camion<\/h2>\n\n\n\n<figure class=\"wp-block-embed is-type-video is-provider-youtube wp-block-embed-youtube wp-embed-aspect-16-9 wp-has-aspect-ratio\"><div class=\"wp-block-embed__wrapper\">\n<iframe title=\"The Gamotech trailer is easy to maneuver\" width=\"1778\" height=\"1000\" data-src=\"https:\/\/www.youtube.com\/embed\/L82Z3YgGAVU?feature=oembed\" frameborder=\"0\" allow=\"accelerometer; autoplay; clipboard-write; encrypted-media; gyroscope; picture-in-picture; web-share\" referrerpolicy=\"strict-origin-when-cross-origin\" allowfullscreen src=\"data:image\/svg+xml;base64,PHN2ZyB3aWR0aD0iMSIgaGVpZ2h0PSIxIiB4bWxucz0iaHR0cDovL3d3dy53My5vcmcvMjAwMC9zdmciPjwvc3ZnPg==\" class=\"lazyload\" data-load-mode=\"1\"><\/iframe>\n<\/div><\/figure>","protected":false},"excerpt":{"rendered":"<p>Winner of the 2024 innovation award at TP Quebec Improve the lives of your team with Gamotech climatized workshop Reduce noise on jobsite for healthier workforce Cut down on your fleet cost by detaching your work unit<\/p>","protected":false},"author":1,"featured_media":0,"parent":296,"menu_order":0,"comment_status":"closed","ping_status":"closed","template":"","meta":{"_acf_changed":false,"_coblocks_attr":"Arial","_coblocks_dimensions":"{\"coblocks-hero-3873126371\":{\"padding\":{}}}","_coblocks_responsive_height":"{\"coblocks-hero-3873126371\":{\"height\":{\"height\":600}}}","_coblocks_accordion_ie_support":"","om_disable_all_campaigns":false,"_monsterinsights_skip_tracking":false,"_monsterinsights_sitenote_active":false,"_monsterinsights_sitenote_note":"","_monsterinsights_sitenote_category":0,"_uf_show_specific_survey":0,"_uf_disable_surveys":false,"footnotes":""},"class_list":["post-486","page","type-page","status-publish","hentry"],"blocksy_meta":{"styles_descriptor":{"styles":{"desktop":"","tablet":"","mobile":""},"google_fonts":[],"version":6}},"acf":[],"yoast_head":"<!-- This site is optimized with the Yoast SEO plugin v27.4 - https:\/\/yoast.com\/product\/yoast-seo-wordpress\/ -->\n<title>Waterworks - Gamotech.ca<\/title>\n<meta name=\"robots\" content=\"index, follow, max-snippet:-1, max-image-preview:large, max-video-preview:-1\" \/>\n<link rel=\"canonical\" href=\"https:\/\/gamotech.ca\/fr\/sectors\/waterworks\/\" \/>\n<meta property=\"og:locale\" content=\"fr_CA\" \/>\n<meta property=\"og:type\" content=\"article\" \/>\n<meta property=\"og:title\" content=\"Waterworks - Gamotech.ca\" \/>\n<meta property=\"og:description\" content=\"Winner of the 2024 innovation award at TP Quebec Improve the lives of your team with Gamotech climatized workshop Reduce noise on jobsite for healthier workforce Cut down on your fleet cost by detaching your work unit\" \/>\n<meta property=\"og:url\" content=\"https:\/\/gamotech.ca\/fr\/sectors\/waterworks\/\" \/>\n<meta property=\"og:site_name\" content=\"Gamotech.ca\" \/>\n<meta property=\"article:modified_time\" content=\"2026-02-17T01:48:49+00:00\" \/>\n<meta property=\"og:image\" content=\"https:\/\/gamotech.ca\/wp-content\/uploads\/2025\/07\/image-20241205-182916-f9fcdeaa-scaled.jpeg\" \/>\n\t<meta property=\"og:image:width\" content=\"2560\" \/>\n\t<meta property=\"og:image:height\" content=\"1920\" \/>\n\t<meta property=\"og:image:type\" content=\"image\/jpeg\" \/>\n<meta name=\"twitter:card\" content=\"summary_large_image\" \/>\n<meta name=\"twitter:label1\" content=\"Estimation du temps de lecture\" \/>\n\t<meta name=\"twitter:data1\" content=\"2 minutes\" \/>\n<script type=\"application\/ld+json\" class=\"yoast-schema-graph\">{\"@context\":\"https:\\\/\\\/schema.org\",\"@graph\":[{\"@type\":\"WebPage\",\"@id\":\"https:\\\/\\\/gamotech.ca\\\/sectors\\\/waterworks\\\/\",\"url\":\"https:\\\/\\\/gamotech.ca\\\/sectors\\\/waterworks\\\/\",\"name\":\"Waterworks - Gamotech.ca\",\"isPartOf\":{\"@id\":\"https:\\\/\\\/gamotech.ca\\\/#website\"},\"primaryImageOfPage\":{\"@id\":\"https:\\\/\\\/gamotech.ca\\\/sectors\\\/waterworks\\\/#primaryimage\"},\"image\":{\"@id\":\"https:\\\/\\\/gamotech.ca\\\/sectors\\\/waterworks\\\/#primaryimage\"},\"thumbnailUrl\":\"https:\\\/\\\/gamotech.ca\\\/wp-content\\\/uploads\\\/2025\\\/07\\\/image-20241205-182916-f9fcdeaa-1024x768.jpeg\",\"datePublished\":\"2022-04-07T23:58:55+00:00\",\"dateModified\":\"2026-02-17T01:48:49+00:00\",\"breadcrumb\":{\"@id\":\"https:\\\/\\\/gamotech.ca\\\/sectors\\\/waterworks\\\/#breadcrumb\"},\"inLanguage\":\"fr-CA\",\"potentialAction\":[{\"@type\":\"ReadAction\",\"target\":[\"https:\\\/\\\/gamotech.ca\\\/sectors\\\/waterworks\\\/\"]}]},{\"@type\":\"ImageObject\",\"inLanguage\":\"fr-CA\",\"@id\":\"https:\\\/\\\/gamotech.ca\\\/sectors\\\/waterworks\\\/#primaryimage\",\"url\":\"https:\\\/\\\/gamotech.ca\\\/wp-content\\\/uploads\\\/2025\\\/07\\\/image-20241205-182916-f9fcdeaa-1024x768.jpeg\",\"contentUrl\":\"https:\\\/\\\/gamotech.ca\\\/wp-content\\\/uploads\\\/2025\\\/07\\\/image-20241205-182916-f9fcdeaa-1024x768.jpeg\"},{\"@type\":\"BreadcrumbList\",\"@id\":\"https:\\\/\\\/gamotech.ca\\\/sectors\\\/waterworks\\\/#breadcrumb\",\"itemListElement\":[{\"@type\":\"ListItem\",\"position\":1,\"name\":\"Home\",\"item\":\"https:\\\/\\\/gamotech.ca\\\/\"},{\"@type\":\"ListItem\",\"position\":2,\"name\":\"Our Sectors\",\"item\":\"https:\\\/\\\/gamotech.ca\\\/sectors\\\/\"},{\"@type\":\"ListItem\",\"position\":3,\"name\":\"Waterworks\"}]},{\"@type\":\"WebSite\",\"@id\":\"https:\\\/\\\/gamotech.ca\\\/#website\",\"url\":\"https:\\\/\\\/gamotech.ca\\\/\",\"name\":\"Gamotech.ca\",\"description\":\"ELECTRIFY MOBILE WORKSITES\",\"publisher\":{\"@id\":\"https:\\\/\\\/gamotech.ca\\\/#organization\"},\"potentialAction\":[{\"@type\":\"SearchAction\",\"target\":{\"@type\":\"EntryPoint\",\"urlTemplate\":\"https:\\\/\\\/gamotech.ca\\\/?s={search_term_string}\"},\"query-input\":{\"@type\":\"PropertyValueSpecification\",\"valueRequired\":true,\"valueName\":\"search_term_string\"}}],\"inLanguage\":\"fr-CA\"},{\"@type\":\"Organization\",\"@id\":\"https:\\\/\\\/gamotech.ca\\\/#organization\",\"name\":\"Gamotech.ca\",\"url\":\"https:\\\/\\\/gamotech.ca\\\/\",\"logo\":{\"@type\":\"ImageObject\",\"inLanguage\":\"fr-CA\",\"@id\":\"https:\\\/\\\/gamotech.ca\\\/#\\\/schema\\\/logo\\\/image\\\/\",\"url\":\"https:\\\/\\\/gamotech.ca\\\/wp-content\\\/uploads\\\/2022\\\/05\\\/Logo_couleur-scaled.jpg\",\"contentUrl\":\"https:\\\/\\\/gamotech.ca\\\/wp-content\\\/uploads\\\/2022\\\/05\\\/Logo_couleur-scaled.jpg\",\"width\":2560,\"height\":503,\"caption\":\"Gamotech.ca\"},\"image\":{\"@id\":\"https:\\\/\\\/gamotech.ca\\\/#\\\/schema\\\/logo\\\/image\\\/\"}}]}<\/script>\n<!-- \/ Yoast SEO plugin. -->","yoast_head_json":{"title":"Aqueduc - Gamotech.ca","robots":{"index":"index","follow":"follow","max-snippet":"max-snippet:-1","max-image-preview":"max-image-preview:large","max-video-preview":"max-video-preview:-1"},"canonical":"https:\/\/gamotech.ca\/fr\/sectors\/waterworks\/","og_locale":"fr_CA","og_type":"article","og_title":"Waterworks - Gamotech.ca","og_description":"Winner of the 2024 innovation award at TP Quebec Improve the lives of your team with Gamotech climatized workshop Reduce noise on jobsite for healthier workforce Cut down on your fleet cost by detaching your work unit","og_url":"https:\/\/gamotech.ca\/fr\/sectors\/waterworks\/","og_site_name":"Gamotech.ca","article_modified_time":"2026-02-17T01:48:49+00:00","og_image":[{"width":2560,"height":1920,"url":"https:\/\/gamotech.ca\/wp-content\/uploads\/2025\/07\/image-20241205-182916-f9fcdeaa-scaled.jpeg","type":"image\/jpeg"}],"twitter_card":"summary_large_image","twitter_misc":{"Estimation du temps de lecture":"2 minutes"},"schema":{"@context":"https:\/\/schema.org","@graph":[{"@type":"WebPage","@id":"https:\/\/gamotech.ca\/sectors\/waterworks\/","url":"https:\/\/gamotech.ca\/sectors\/waterworks\/","name":"Aqueduc - Gamotech.ca","isPartOf":{"@id":"https:\/\/gamotech.ca\/#website"},"primaryImageOfPage":{"@id":"https:\/\/gamotech.ca\/sectors\/waterworks\/#primaryimage"},"image":{"@id":"https:\/\/gamotech.ca\/sectors\/waterworks\/#primaryimage"},"thumbnailUrl":"https:\/\/gamotech.ca\/wp-content\/uploads\/2025\/07\/image-20241205-182916-f9fcdeaa-1024x768.jpeg","datePublished":"2022-04-07T23:58:55+00:00","dateModified":"2026-02-17T01:48:49+00:00","breadcrumb":{"@id":"https:\/\/gamotech.ca\/sectors\/waterworks\/#breadcrumb"},"inLanguage":"fr-CA","potentialAction":[{"@type":"ReadAction","target":["https:\/\/gamotech.ca\/sectors\/waterworks\/"]}]},{"@type":"ImageObject","inLanguage":"fr-CA","@id":"https:\/\/gamotech.ca\/sectors\/waterworks\/#primaryimage","url":"https:\/\/gamotech.ca\/wp-content\/uploads\/2025\/07\/image-20241205-182916-f9fcdeaa-1024x768.jpeg","contentUrl":"https:\/\/gamotech.ca\/wp-content\/uploads\/2025\/07\/image-20241205-182916-f9fcdeaa-1024x768.jpeg"},{"@type":"BreadcrumbList","@id":"https:\/\/gamotech.ca\/sectors\/waterworks\/#breadcrumb","itemListElement":[{"@type":"ListItem","position":1,"name":"Home","item":"https:\/\/gamotech.ca\/"},{"@type":"ListItem","position":2,"name":"Our Sectors","item":"https:\/\/gamotech.ca\/sectors\/"},{"@type":"ListItem","position":3,"name":"Waterworks"}]},{"@type":"WebSite","@id":"https:\/\/gamotech.ca\/#website","url":"https:\/\/gamotech.ca\/","name":"Gamotech.ca","description":"\u00c9LECTRIFIEZ LES CHANTIERS MOBILES","publisher":{"@id":"https:\/\/gamotech.ca\/#organization"},"potentialAction":[{"@type":"SearchAction","target":{"@type":"EntryPoint","urlTemplate":"https:\/\/gamotech.ca\/?s={search_term_string}"},"query-input":{"@type":"PropertyValueSpecification","valueRequired":true,"valueName":"search_term_string"}}],"inLanguage":"fr-CA"},{"@type":"Organization","@id":"https:\/\/gamotech.ca\/#organization","name":"Gamotech.ca","url":"https:\/\/gamotech.ca\/","logo":{"@type":"ImageObject","inLanguage":"fr-CA","@id":"https:\/\/gamotech.ca\/#\/schema\/logo\/image\/","url":"https:\/\/gamotech.ca\/wp-content\/uploads\/2022\/05\/Logo_couleur-scaled.jpg","contentUrl":"https:\/\/gamotech.ca\/wp-content\/uploads\/2022\/05\/Logo_couleur-scaled.jpg","width":2560,"height":503,"caption":"Gamotech.ca"},"image":{"@id":"https:\/\/gamotech.ca\/#\/schema\/logo\/image\/"}}]}},"_links":{"self":[{"href":"https:\/\/gamotech.ca\/fr\/wp-json\/wp\/v2\/pages\/486","targetHints":{"allow":["GET"]}}],"collection":[{"href":"https:\/\/gamotech.ca\/fr\/wp-json\/wp\/v2\/pages"}],"about":[{"href":"https:\/\/gamotech.ca\/fr\/wp-json\/wp\/v2\/types\/page"}],"author":[{"embeddable":true,"href":"https:\/\/gamotech.ca\/fr\/wp-json\/wp\/v2\/users\/1"}],"replies":[{"embeddable":true,"href":"https:\/\/gamotech.ca\/fr\/wp-json\/wp\/v2\/comments?post=486"}],"version-history":[{"count":33,"href":"https:\/\/gamotech.ca\/fr\/wp-json\/wp\/v2\/pages\/486\/revisions"}],"predecessor-version":[{"id":1621,"href":"https:\/\/gamotech.ca\/fr\/wp-json\/wp\/v2\/pages\/486\/revisions\/1621"}],"up":[{"embeddable":true,"href":"https:\/\/gamotech.ca\/fr\/wp-json\/wp\/v2\/pages\/296"}],"wp:attachment":[{"href":"https:\/\/gamotech.ca\/fr\/wp-json\/wp\/v2\/media?parent=486"}],"curies":[{"name":"wp","href":"https:\/\/api.w.org\/{rel}","templated":true}]}}