{"id":11,"date":"2021-12-06T20:13:38","date_gmt":"2021-12-06T20:13:38","guid":{"rendered":"https:\/\/gamotech.ca\/?page_id=11"},"modified":"2026-04-07T16:41:46","modified_gmt":"2026-04-07T16:41:46","slug":"careers","status":"publish","type":"page","link":"https:\/\/gamotech.ca\/zh\/careers\/","title":{"rendered":"\u804c\u4e1a\u751f\u6daf"},"content":{"rendered":"<div class=\"wp-block-coblocks-hero alignfull coblocks-hero-419171115144\"><div class=\"wp-block-coblocks-hero__inner has-background-overlay bg-cover has-background-image bg-no-repeat bg-center-center has-background-overlay-20 hero-center-center-align has-padding has-center-content is-fullscreen lazyload\" style=\"background-image:inherit\" data-bg-image=\"url(https:\/\/gamotech.ca\/wp-content\/uploads\/2026\/04\/DSC07595-scaled.jpg)\"><div class=\"wp-block-coblocks-hero__content-wrapper\"><div class=\"wp-block-coblocks-hero__content\" style=\"max-width:1000px\">\n<h2 class=\"wp-block-heading has-palette-color-8-color has-text-color\" style=\"font-size:clamp(1.696rem, 1.696rem + ((1vw - 0.2rem) * 1.505), 2.9rem);\">\u804c\u4e1a\u751f\u6daf<\/h2>\n\n\n\n<p class=\"has-palette-color-8-color has-text-color\" style=\"font-size:clamp(1.198rem, 1.198rem + ((1vw - 0.2rem) * 0.878), 1.9rem);\">\u73b0\u5728\u662f\u4ea7\u751f\u5f71\u54cd\u7684\u6700\u4f73\u65f6\u673a\u3002\u6211\u4eec\u53ef\u4ee5\u4e00\u8d77\u51cf\u5c11\u6392\u653e\uff0c\u540c\u65f6\u4e3a\u6211\u4eec\u7684\u5ba2\u6237\u5e26\u6765\u5de8\u5927\u7684\u4ef7\u503c\u3002\u52a0\u5165\u6211\u4eec\uff0c\u63a2\u7d22\u548c\u521b\u65b0\uff0c\u8fc8\u5411\u65b0\u7684\u3001\u73af\u4fdd\u7684\u672a\u6765\u3002 <\/p>\n\n\n\n<div class=\"wp-block-buttons is-content-justification-center is-layout-flex wp-container-core-buttons-is-layout-a89b3969 wp-block-buttons-is-layout-flex\">\n<div class=\"wp-block-button\"><a class=\"wp-block-button__link wp-element-button\">\u73b0\u5728\u7533\u8bf7\uff01<\/a><\/div>\n<\/div>\n<\/div><\/div><\/div><\/div>\n\n\n\n<div class=\"wp-block-media-text is-stacked-on-mobile\" style=\"grid-template-columns:34% auto\"><figure class=\"wp-block-media-text__media\"><img decoding=\"async\" width=\"1024\" height=\"768\" data-src=\"https:\/\/gamotech.ca\/wp-content\/uploads\/2026\/04\/2025-11-12-Gamotech-Equipe-depute-Chenette--1024x768.jpeg\" alt=\"\" class=\"wp-image-1624 size-full lazyload\" data-srcset=\"https:\/\/gamotech.ca\/wp-content\/uploads\/2026\/04\/2025-11-12-Gamotech-Equipe-depute-Chenette--1024x768.jpeg 1024w, https:\/\/gamotech.ca\/wp-content\/uploads\/2026\/04\/2025-11-12-Gamotech-Equipe-depute-Chenette--300x225.jpeg 300w, https:\/\/gamotech.ca\/wp-content\/uploads\/2026\/04\/2025-11-12-Gamotech-Equipe-depute-Chenette--768x576.jpeg 768w, https:\/\/gamotech.ca\/wp-content\/uploads\/2026\/04\/2025-11-12-Gamotech-Equipe-depute-Chenette--1536x1153.jpeg 1536w, https:\/\/gamotech.ca\/wp-content\/uploads\/2026\/04\/2025-11-12-Gamotech-Equipe-depute-Chenette--2048x1537.jpeg 2048w, https:\/\/gamotech.ca\/wp-content\/uploads\/2026\/04\/2025-11-12-Gamotech-Equipe-depute-Chenette--16x12.jpeg 16w\" data-sizes=\"auto, (max-width: 1024px) 100vw, 1024px\" src=\"data:image\/svg+xml;base64,PHN2ZyB3aWR0aD0iMSIgaGVpZ2h0PSIxIiB4bWxucz0iaHR0cDovL3d3dy53My5vcmcvMjAwMC9zdmciPjwvc3ZnPg==\" style=\"--smush-placeholder-width: 1024px; --smush-placeholder-aspect-ratio: 1024\/768;\" \/><\/figure><div class=\"wp-block-media-text__content\">\n<h2 class=\"wp-block-heading\">\u6765\u52a0\u5165\u6211\u4eec\u5427\uff01<\/h2>\n\n\n\n<p class=\"has-large-font-size\"><strong>\u6211\u4eec\u662f\u8c01\uff1f<\/strong><\/p>\n\n\n\n<p class=\"has-medium-font-size\">\u6211\u4eec\u662f\u4e00\u5bb6\u5e74\u8f7b\u7684\u8499\u7279\u5229\u5c14\u516c\u53f8\uff0c\u5176\u76ee\u6807\u662f\u5e2e\u52a9\u5e02\u653f\u5f53\u5c40\u548c\u5546\u4e1a\u8f66\u961f\u7ecf\u7406\u51cf\u5c11\u78b3\u8db3\u8ff9\u3002\u4e3a\u6b64\uff0c\u6211\u4eec\u6b63\u5728\u5bfb\u627e\u6709\u624d\u534e\u7684\u4eba\u6765\u5f00\u53d1\u548c\u9500\u552e\u7535\u6c14\u5316\u89e3\u51b3\u65b9\u6848\uff0c\u4ee5\u52a0\u5165\u6211\u4eec\u5e76\u51cf\u5c11\u7ef4\u62a4\u5de5\u4f5c\u5bf9\u5316\u77f3\u71c3\u6599\u7684\u4f9d\u8d56\u3002&nbsp;<\/p>\n<\/div><\/div>\n\n\n\n<div class=\"wp-block-media-text alignwide has-media-on-the-right is-stacked-on-mobile\" style=\"grid-template-columns:auto 36%\"><div class=\"wp-block-media-text__content\">\n<p class=\"has-large-font-size\"><strong>\u60a8\u5c06\u4e0e\u6211\u4eec\u4e00\u8d77\u505a\u4ec0\u4e48<\/strong>&nbsp;<\/p>\n\n\n\n<p class=\"has-medium-font-size\">You will help us develop and commercialize our first product, the Gamo-X, a lithium battery mobile power unit for public works.\u00a0<br><br>Through this experience, you could participate or lead our market research efforts, technological watch, electro-mecanic assembly, development projects, supply chain management, online and offline promotion, and other administrative tasks.<br><br>\u6211\u4eec\u5c06\u4f5c\u4e3a\u4e00\u4e2a\u56e2\u961f\u6765\u4fc3\u8fdb\u60a8\u7684\u5b66\u4e60\uff0c\u5e76\u5c06 Gamotech \u5e26\u5165\u4e0b\u4e00\u4e2a\u53d1\u5c55\u9636\u6bb5\u3002<\/p>\n<\/div><figure class=\"wp-block-media-text__media\"><img decoding=\"async\" width=\"1024\" height=\"791\" data-src=\"https:\/\/gamotech.ca\/wp-content\/uploads\/2026\/04\/team-livraison-Sorel-1024x791.jpg\" alt=\"\" class=\"wp-image-1625 size-full lazyload\" data-srcset=\"https:\/\/gamotech.ca\/wp-content\/uploads\/2026\/04\/team-livraison-Sorel-1024x791.jpg 1024w, https:\/\/gamotech.ca\/wp-content\/uploads\/2026\/04\/team-livraison-Sorel-300x232.jpg 300w, https:\/\/gamotech.ca\/wp-content\/uploads\/2026\/04\/team-livraison-Sorel-768x593.jpg 768w, https:\/\/gamotech.ca\/wp-content\/uploads\/2026\/04\/team-livraison-Sorel-1536x1187.jpg 1536w, https:\/\/gamotech.ca\/wp-content\/uploads\/2026\/04\/team-livraison-Sorel-2048x1583.jpg 2048w, https:\/\/gamotech.ca\/wp-content\/uploads\/2026\/04\/team-livraison-Sorel-16x12.jpg 16w\" data-sizes=\"auto, (max-width: 1024px) 100vw, 1024px\" src=\"data:image\/svg+xml;base64,PHN2ZyB3aWR0aD0iMSIgaGVpZ2h0PSIxIiB4bWxucz0iaHR0cDovL3d3dy53My5vcmcvMjAwMC9zdmciPjwvc3ZnPg==\" style=\"--smush-placeholder-width: 1024px; --smush-placeholder-aspect-ratio: 1024\/791;\" \/><\/figure><\/div>\n\n\n\n<div class=\"wp-block-media-text is-stacked-on-mobile\" style=\"grid-template-columns:32% auto\"><figure class=\"wp-block-media-text__media\"><img decoding=\"async\" width=\"1024\" height=\"768\" data-src=\"https:\/\/gamotech.ca\/wp-content\/uploads\/2026\/04\/WhatsApp-Image-2026-04-07-at-12.39.34-1024x768.jpeg\" alt=\"\" class=\"wp-image-1627 size-full lazyload\" data-srcset=\"https:\/\/gamotech.ca\/wp-content\/uploads\/2026\/04\/WhatsApp-Image-2026-04-07-at-12.39.34-1024x768.jpeg 1024w, https:\/\/gamotech.ca\/wp-content\/uploads\/2026\/04\/WhatsApp-Image-2026-04-07-at-12.39.34-300x225.jpeg 300w, https:\/\/gamotech.ca\/wp-content\/uploads\/2026\/04\/WhatsApp-Image-2026-04-07-at-12.39.34-768x576.jpeg 768w, https:\/\/gamotech.ca\/wp-content\/uploads\/2026\/04\/WhatsApp-Image-2026-04-07-at-12.39.34-1536x1152.jpeg 1536w, https:\/\/gamotech.ca\/wp-content\/uploads\/2026\/04\/WhatsApp-Image-2026-04-07-at-12.39.34-16x12.jpeg 16w, https:\/\/gamotech.ca\/wp-content\/uploads\/2026\/04\/WhatsApp-Image-2026-04-07-at-12.39.34.jpeg 1600w\" data-sizes=\"auto, (max-width: 1024px) 100vw, 1024px\" src=\"data:image\/svg+xml;base64,PHN2ZyB3aWR0aD0iMSIgaGVpZ2h0PSIxIiB4bWxucz0iaHR0cDovL3d3dy53My5vcmcvMjAwMC9zdmciPjwvc3ZnPg==\" style=\"--smush-placeholder-width: 1024px; --smush-placeholder-aspect-ratio: 1024\/768;\" \/><\/figure><div class=\"wp-block-media-text__content\">\n<p class=\"has-large-font-size\"><strong>\u6211\u4eec\u6b63\u5728\u5bfb\u627e\u4ec0\u4e48<\/strong><\/p>\n\n\n\n<p class=\"has-medium-font-size\">\u60f3\u8981\u5b66\u4e60\u5e76\u613f\u610f\u82b1\u65f6\u95f4\u638c\u63e1\u672a\u77e5\u4e8b\u7269\u7684\u4eba\u3002&nbsp;<br>\u613f\u610f\u82b1\u65f6\u95f4\u5728\u8f66\u95f4\u548c\u5de5\u4f5c\u73b0\u573a\u7684\u4eba\u3002<br>\u5bf9\u6211\u4eec\u57ce\u5e02\u7684\u7535\u6c14\u5316\u548c\u51cf\u5c11\u78b3\u6392\u653e\u6709\u6d53\u539a\u5174\u8da3\u7684\u4eba<\/p>\n<\/div><\/div>\n\n\n\n<h2 class=\"wp-block-heading\">Interested in working with us ?<\/h2>\n\n\n\n<div class=\"forminator-guttenberg\"><div class=\"forminator-ui forminator-custom-form forminator-custom-form-1373 forminator-design--default  forminator_ajax\" data-forminator-render=\"0\" data-form=\"forminator-module-1373\" data-uid=\"69f28a95c56cc\"><br\/><\/div><form\n\t\t\t\tid=\"forminator-module-1373\"\n\t\t\t\tclass=\"forminator-ui forminator-custom-form forminator-custom-form-1373 forminator-design--default  forminator_ajax\"\n\t\t\t\tmethod=\"post\"\n\t\t\t\tdata-forminator-render=\"0\"\n\t\t\t\tdata-form-id=\"1373\"\n\t\t\t\tenctype=\"multipart\/form-data\" data-color-option=\"default\" data-design=\"default\" data-grid=\"open\" style=\"display: none;\"\n\t\t\t\tdata-uid=\"69f28a95c56cc\" action=\"\"\n\t\t\t><div role=\"alert\" aria-live=\"polite\" class=\"forminator-response-message forminator-error\" aria-hidden=\"true\"><\/div><div class=\"forminator-row\"><div id=\"name-1\" class=\"forminator-field-name forminator-col forminator-col-12\"><div class=\"forminator-field\"><label for=\"forminator-field-name-1_69f28a95c56cc\" id=\"forminator-field-name-1_69f28a95c56cc-label\" class=\"forminator-label\">Name<\/label><input type=\"text\" name=\"name-1\" value=\"\" placeholder=\"Name\" id=\"forminator-field-name-1_69f28a95c56cc\" class=\"forminator-input forminator-name--field\" aria-required=\"false\" autocomplete=\"name\" \/><\/div><\/div><\/div><div class=\"forminator-row\"><div id=\"phone-1\" class=\"forminator-field-phone forminator-col forminator-col-12\"><div class=\"forminator-field\"><label for=\"forminator-field-phone-1_69f28a95c56cc\" id=\"forminator-field-phone-1_69f28a95c56cc-label\" class=\"forminator-label\">Phone<\/label><input type=\"text\" name=\"phone-1\" value=\"\" placeholder=\"E.g. +1 (514)800-1043\" id=\"forminator-field-phone-1_69f28a95c56cc\" class=\"forminator-input forminator-field--phone\" data-required=\"\" aria-required=\"false\" autocomplete=\"off\" \/><\/div><\/div><\/div><div class=\"forminator-row\"><div id=\"email-1\" class=\"forminator-field-email forminator-col forminator-col-12\"><div class=\"forminator-field\"><label for=\"forminator-field-email-1_69f28a95c56cc\" id=\"forminator-field-email-1_69f28a95c56cc-label\" class=\"forminator-label\">Email Address<\/label><input type=\"email\" name=\"email-1\" value=\"\" placeholder=\"Ex. john@doe.com\" id=\"forminator-field-email-1_69f28a95c56cc\" class=\"forminator-input forminator-email--field\" data-required=\"\" aria-required=\"false\" autocomplete=\"email\" \/><\/div><\/div><\/div><div class=\"forminator-row\"><div id=\"upload-1\" class=\"forminator-field-upload forminator-col forminator-col-12\"><div class=\"forminator-field\"><label for=\"forminator-field-upload-1_69f28a95c56cc\" id=\"forminator-field-upload-1_69f28a95c56cc-label\" class=\"forminator-label\">Upload your CV<\/label><div class=\"forminator-file-upload\" data-element=\"upload-1_69f28a95c56cc\"><input type=\"file\" name=\"upload-1\" id=\"forminator-field-upload-1_69f28a95c56cc\" class=\"forminator-input-file\" accept=\".jpg,.jpeg,.jpe,.gif,.png,.bmp,.tiff,.tif,.webp,.ico,.heic,.asf,.asx,.wmv,.wmx,.wm,.avi,.divx,.flv,.mov,.qt,.mpeg,.mpg,.mpe,.mp4,.m4v,.ogv,.webm,.mkv,.3gp,.3gpp,.3g2,.3gp2,.txt,.asc,.c,.cc,.h,.srt,.csv,.tsv,.ics,.rtx,.vtt,.mp3,.m4a,.m4b,.aac,.ra,.ram,.wav,.ogg,.oga,.flac,.mid,.midi,.wma,.wax,.mka,.rtf,.pdf,.class,.tar,.zip,.gz,.gzip,.7z,.psd,.xcf,.doc,.pot,.pps,.ppt,.wri,.xla,.xls,.xlt,.xlw,.mdb,.mpp,.docx,.docm,.dotx,.dotm,.xlsx,.xlsm,.xlsb,.xltx,.xltm,.xlam,.pptx,.pptm,.ppsx,.ppsm,.potx,.potm,.ppam,.sldx,.sldm,.onetoc,.onetoc2,.onetmp,.onepkg,.oxps,.xps,.odt,.odp,.ods,.odg,.odc,.odb,.odf,.wp,.wpd,.key,.numbers,.pages\" tabindex=\"-1\"><button id=\"forminator-field-upload-1_69f28a95c56cc_button\" class=\"forminator-button forminator-button-upload\" data-id=\"forminator-field-upload-1_69f28a95c56cc\">\u9009\u62e9\u6587\u4ef6<\/button><span data-empty-text=\"\u6ca1\u6709\u9009\u62e9\u6587\u4ef6\">\u6ca1\u6709\u9009\u62e9\u6587\u4ef6<\/span><button class=\"forminator-button-delete\" style=\"display: none;\"><i class=\"forminator-icon-close\" aria-hidden=\"true\"><\/i><span class=\"forminator-screen-reader-only\">\u5220\u9664\u4e0a\u4f20\u7684\u6587\u4ef6<\/span><\/button><\/div><\/div><\/div><\/div><input type=\"hidden\" name=\"referer_url\" value=\"\" \/><div class=\"forminator-row forminator-row-last\"><div class=\"forminator-col\"><div class=\"forminator-field\"><button class=\"forminator-button forminator-button-submit\">Submit Application<\/button><\/div><\/div><\/div><input type=\"hidden\" id=\"forminator_nonce\" name=\"forminator_nonce\" value=\"89281437b6\" \/><input type=\"hidden\" name=\"_wp_http_referer\" value=\"\/zh\/wp-json\/wp\/v2\/pages\/11\" \/><input type=\"hidden\" name=\"form_id\" value=\"1373\"><input type=\"hidden\" name=\"page_id\" value=\"11\"><input type=\"hidden\" name=\"form_type\" value=\"default\"><input type=\"hidden\" name=\"current_url\" value=\"https:\/\/gamotech.ca\/zh\/careers\/\"><input type=\"hidden\" name=\"render_id\" value=\"0\"><input type=\"hidden\" name=\"action\" value=\"forminator_submit_form_custom-forms\"><input type=\"hidden\" name=\"trp-form-language\" value=\"zh\"\/><\/form><\/div>\n\n\n\n<p class=\"has-text-align-center has-large-font-size\"><strong>\u8054\u7cfb\u6211\u4eec\uff01<\/strong>&nbsp;<\/p>\n\n\n\n<p class=\"has-text-align-center\">Our premises are located at 1040 Boul. Mich\u00e8le-Bohec, Suite 120, Blainville, QC, J7C 5E2.&nbsp;<br>\u6beb\u4e0d\u72b9\u8c6b\u5730\u8054\u7cfb\u6211\u4eec\uff01&nbsp;<\/p>\n\n\n\n<p><\/p>","protected":false},"excerpt":{"rendered":"<p>COME JOIN US! Who are we? We are a young Montreal company whose goal is to help municipalities and commercial fleet managers reduce their carbon footprint. To do this, we are looking for talented people to develop and market electrification solutions to join us and reduce the dependence of maintenance works on fossil fuels.&nbsp; What [&hellip;]<\/p>\n","protected":false},"author":1,"featured_media":0,"parent":0,"menu_order":0,"comment_status":"closed","ping_status":"closed","template":"","meta":{"_acf_changed":false,"_coblocks_attr":"","_coblocks_dimensions":"{\"coblocks-hero-419171115144\":{\"padding\":{}}}","_coblocks_responsive_height":"","_coblocks_accordion_ie_support":"","om_disable_all_campaigns":false,"_monsterinsights_skip_tracking":false,"_monsterinsights_sitenote_active":false,"_monsterinsights_sitenote_note":"","_monsterinsights_sitenote_category":0,"_uf_show_specific_survey":0,"_uf_disable_surveys":false,"footnotes":""},"class_list":["post-11","page","type-page","status-publish","hentry"],"blocksy_meta":{"styles_descriptor":{"styles":{"desktop":"","tablet":"","mobile":""},"google_fonts":[],"version":6}},"acf":[],"yoast_head":"<!-- This site is optimized with the Yoast SEO plugin v27.5 - https:\/\/yoast.com\/product\/yoast-seo-wordpress\/ -->\n<title>Join us to have a sustainability impact - Gamotech.ca<\/title>\n<meta name=\"description\" content=\"Vous \u00eates motiv\u00e9s par le d\u00e9veloppement durable et vous avez envie de rejoindre une compagnie innovante. Contactez-nous imm\u00e9diatement.\" \/>\n<meta name=\"robots\" content=\"index, follow, max-snippet:-1, max-image-preview:large, max-video-preview:-1\" \/>\n<link rel=\"canonical\" href=\"https:\/\/gamotech.ca\/zh\/careers\/\" \/>\n<meta property=\"og:locale\" content=\"zh_CN\" \/>\n<meta property=\"og:type\" content=\"article\" \/>\n<meta property=\"og:title\" content=\"Join us to have a sustainability impact - Gamotech.ca\" \/>\n<meta property=\"og:description\" content=\"Vous \u00eates motiv\u00e9s par le d\u00e9veloppement durable et vous avez envie de rejoindre une compagnie innovante. Contactez-nous imm\u00e9diatement.\" \/>\n<meta property=\"og:url\" content=\"https:\/\/gamotech.ca\/zh\/careers\/\" \/>\n<meta property=\"og:site_name\" content=\"Gamotech.ca\" \/>\n<meta property=\"article:modified_time\" content=\"2026-04-07T16:41:46+00:00\" \/>\n<meta property=\"og:image\" content=\"https:\/\/gamotech.ca\/wp-content\/uploads\/2026\/04\/2025-11-12-Gamotech-Equipe-depute-Chenette--1024x768.jpeg\" \/>\n\t<meta property=\"og:image:width\" content=\"1024\" \/>\n\t<meta property=\"og:image:height\" content=\"768\" \/>\n\t<meta property=\"og:image:type\" content=\"image\/jpeg\" \/>\n<meta name=\"twitter:card\" content=\"summary_large_image\" \/>\n<meta name=\"twitter:label1\" content=\"\u9884\u8ba1\u9605\u8bfb\u65f6\u95f4\" \/>\n\t<meta name=\"twitter:data1\" content=\"2 \u5206\" \/>\n<script type=\"application\/ld+json\" class=\"yoast-schema-graph\">{\"@context\":\"https:\\\/\\\/schema.org\",\"@graph\":[{\"@type\":\"WebPage\",\"@id\":\"https:\\\/\\\/gamotech.ca\\\/careers\\\/\",\"url\":\"https:\\\/\\\/gamotech.ca\\\/careers\\\/\",\"name\":\"Join us to have a sustainability impact - Gamotech.ca\",\"isPartOf\":{\"@id\":\"https:\\\/\\\/gamotech.ca\\\/#website\"},\"primaryImageOfPage\":{\"@id\":\"https:\\\/\\\/gamotech.ca\\\/careers\\\/#primaryimage\"},\"image\":{\"@id\":\"https:\\\/\\\/gamotech.ca\\\/careers\\\/#primaryimage\"},\"thumbnailUrl\":\"https:\\\/\\\/gamotech.ca\\\/wp-content\\\/uploads\\\/2026\\\/04\\\/2025-11-12-Gamotech-Equipe-depute-Chenette--1024x768.jpeg\",\"datePublished\":\"2021-12-06T20:13:38+00:00\",\"dateModified\":\"2026-04-07T16:41:46+00:00\",\"description\":\"Vous \u00eates motiv\u00e9s par le d\u00e9veloppement durable et vous avez envie de rejoindre une compagnie innovante. Contactez-nous imm\u00e9diatement.\",\"breadcrumb\":{\"@id\":\"https:\\\/\\\/gamotech.ca\\\/careers\\\/#breadcrumb\"},\"inLanguage\":\"zh-Hans\",\"potentialAction\":[{\"@type\":\"ReadAction\",\"target\":[\"https:\\\/\\\/gamotech.ca\\\/careers\\\/\"]}]},{\"@type\":\"ImageObject\",\"inLanguage\":\"zh-Hans\",\"@id\":\"https:\\\/\\\/gamotech.ca\\\/careers\\\/#primaryimage\",\"url\":\"https:\\\/\\\/gamotech.ca\\\/wp-content\\\/uploads\\\/2026\\\/04\\\/2025-11-12-Gamotech-Equipe-depute-Chenette--1024x768.jpeg\",\"contentUrl\":\"https:\\\/\\\/gamotech.ca\\\/wp-content\\\/uploads\\\/2026\\\/04\\\/2025-11-12-Gamotech-Equipe-depute-Chenette--1024x768.jpeg\"},{\"@type\":\"BreadcrumbList\",\"@id\":\"https:\\\/\\\/gamotech.ca\\\/careers\\\/#breadcrumb\",\"itemListElement\":[{\"@type\":\"ListItem\",\"position\":1,\"name\":\"Home\",\"item\":\"https:\\\/\\\/gamotech.ca\\\/\"},{\"@type\":\"ListItem\",\"position\":2,\"name\":\"CAREERS\"}]},{\"@type\":\"WebSite\",\"@id\":\"https:\\\/\\\/gamotech.ca\\\/#website\",\"url\":\"https:\\\/\\\/gamotech.ca\\\/\",\"name\":\"Gamotech.ca\",\"description\":\"ELECTRIFY MOBILE WORKSITES\",\"publisher\":{\"@id\":\"https:\\\/\\\/gamotech.ca\\\/#organization\"},\"potentialAction\":[{\"@type\":\"SearchAction\",\"target\":{\"@type\":\"EntryPoint\",\"urlTemplate\":\"https:\\\/\\\/gamotech.ca\\\/?s={search_term_string}\"},\"query-input\":{\"@type\":\"PropertyValueSpecification\",\"valueRequired\":true,\"valueName\":\"search_term_string\"}}],\"inLanguage\":\"zh-Hans\"},{\"@type\":\"Organization\",\"@id\":\"https:\\\/\\\/gamotech.ca\\\/#organization\",\"name\":\"Gamotech.ca\",\"url\":\"https:\\\/\\\/gamotech.ca\\\/\",\"logo\":{\"@type\":\"ImageObject\",\"inLanguage\":\"zh-Hans\",\"@id\":\"https:\\\/\\\/gamotech.ca\\\/#\\\/schema\\\/logo\\\/image\\\/\",\"url\":\"https:\\\/\\\/gamotech.ca\\\/wp-content\\\/uploads\\\/2022\\\/05\\\/Logo_couleur-scaled.jpg\",\"contentUrl\":\"https:\\\/\\\/gamotech.ca\\\/wp-content\\\/uploads\\\/2022\\\/05\\\/Logo_couleur-scaled.jpg\",\"width\":2560,\"height\":503,\"caption\":\"Gamotech.ca\"},\"image\":{\"@id\":\"https:\\\/\\\/gamotech.ca\\\/#\\\/schema\\\/logo\\\/image\\\/\"}}]}<\/script>\n<!-- \/ Yoast SEO plugin. -->","yoast_head_json":{"title":"\u52a0\u5165\u6211\u4eec\u4ee5\u4ea7\u751f\u53ef\u6301\u7eed\u53d1\u5c55\u5f71\u54cd - Gamotech.ca","description":"Vous \u00eates motiv\u00e9s par le d\u00e9veloppement duty \u548c vous avez envie de rejoindre une compagnie innovante\u3002\u7acb\u5373\u8054\u7cfb\u3002","robots":{"index":"index","follow":"follow","max-snippet":"max-snippet:-1","max-image-preview":"max-image-preview:large","max-video-preview":"max-video-preview:-1"},"canonical":"https:\/\/gamotech.ca\/zh\/careers\/","og_locale":"zh_CN","og_type":"article","og_title":"Join us to have a sustainability impact - Gamotech.ca","og_description":"Vous \u00eates motiv\u00e9s par le d\u00e9veloppement durable et vous avez envie de rejoindre une compagnie innovante. Contactez-nous imm\u00e9diatement.","og_url":"https:\/\/gamotech.ca\/zh\/careers\/","og_site_name":"Gamotech.ca","article_modified_time":"2026-04-07T16:41:46+00:00","og_image":[{"width":1024,"height":768,"url":"https:\/\/gamotech.ca\/wp-content\/uploads\/2026\/04\/2025-11-12-Gamotech-Equipe-depute-Chenette--1024x768.jpeg","type":"image\/jpeg"}],"twitter_card":"summary_large_image","twitter_misc":{"\u9884\u8ba1\u9605\u8bfb\u65f6\u95f4":"2 \u5206"},"schema":{"@context":"https:\/\/schema.org","@graph":[{"@type":"WebPage","@id":"https:\/\/gamotech.ca\/careers\/","url":"https:\/\/gamotech.ca\/careers\/","name":"\u52a0\u5165\u6211\u4eec\u4ee5\u4ea7\u751f\u53ef\u6301\u7eed\u53d1\u5c55\u5f71\u54cd - Gamotech.ca","isPartOf":{"@id":"https:\/\/gamotech.ca\/#website"},"primaryImageOfPage":{"@id":"https:\/\/gamotech.ca\/careers\/#primaryimage"},"image":{"@id":"https:\/\/gamotech.ca\/careers\/#primaryimage"},"thumbnailUrl":"https:\/\/gamotech.ca\/wp-content\/uploads\/2026\/04\/2025-11-12-Gamotech-Equipe-depute-Chenette--1024x768.jpeg","datePublished":"2021-12-06T20:13:38+00:00","dateModified":"2026-04-07T16:41:46+00:00","description":"Vous \u00eates motiv\u00e9s par le d\u00e9veloppement duty \u548c vous avez envie de rejoindre une compagnie innovante\u3002\u7acb\u5373\u8054\u7cfb\u3002","breadcrumb":{"@id":"https:\/\/gamotech.ca\/careers\/#breadcrumb"},"inLanguage":"zh-Hans","potentialAction":[{"@type":"ReadAction","target":["https:\/\/gamotech.ca\/careers\/"]}]},{"@type":"ImageObject","inLanguage":"zh-Hans","@id":"https:\/\/gamotech.ca\/careers\/#primaryimage","url":"https:\/\/gamotech.ca\/wp-content\/uploads\/2026\/04\/2025-11-12-Gamotech-Equipe-depute-Chenette--1024x768.jpeg","contentUrl":"https:\/\/gamotech.ca\/wp-content\/uploads\/2026\/04\/2025-11-12-Gamotech-Equipe-depute-Chenette--1024x768.jpeg"},{"@type":"BreadcrumbList","@id":"https:\/\/gamotech.ca\/careers\/#breadcrumb","itemListElement":[{"@type":"ListItem","position":1,"name":"Home","item":"https:\/\/gamotech.ca\/"},{"@type":"ListItem","position":2,"name":"CAREERS"}]},{"@type":"WebSite","@id":"https:\/\/gamotech.ca\/#website","url":"https:\/\/gamotech.ca\/","name":"Gamotech.ca","description":"\u4f7f\u79fb\u52a8\u5de5\u4f5c\u573a\u6240\u7535\u6c14\u5316","publisher":{"@id":"https:\/\/gamotech.ca\/#organization"},"potentialAction":[{"@type":"SearchAction","target":{"@type":"EntryPoint","urlTemplate":"https:\/\/gamotech.ca\/?s={search_term_string}"},"query-input":{"@type":"PropertyValueSpecification","valueRequired":true,"valueName":"search_term_string"}}],"inLanguage":"zh-Hans"},{"@type":"Organization","@id":"https:\/\/gamotech.ca\/#organization","name":"Gamotech.ca","url":"https:\/\/gamotech.ca\/","logo":{"@type":"ImageObject","inLanguage":"zh-Hans","@id":"https:\/\/gamotech.ca\/#\/schema\/logo\/image\/","url":"https:\/\/gamotech.ca\/wp-content\/uploads\/2022\/05\/Logo_couleur-scaled.jpg","contentUrl":"https:\/\/gamotech.ca\/wp-content\/uploads\/2022\/05\/Logo_couleur-scaled.jpg","width":2560,"height":503,"caption":"Gamotech.ca"},"image":{"@id":"https:\/\/gamotech.ca\/#\/schema\/logo\/image\/"}}]}},"_links":{"self":[{"href":"https:\/\/gamotech.ca\/zh\/wp-json\/wp\/v2\/pages\/11","targetHints":{"allow":["GET"]}}],"collection":[{"href":"https:\/\/gamotech.ca\/zh\/wp-json\/wp\/v2\/pages"}],"about":[{"href":"https:\/\/gamotech.ca\/zh\/wp-json\/wp\/v2\/types\/page"}],"author":[{"embeddable":true,"href":"https:\/\/gamotech.ca\/zh\/wp-json\/wp\/v2\/users\/1"}],"replies":[{"embeddable":true,"href":"https:\/\/gamotech.ca\/zh\/wp-json\/wp\/v2\/comments?post=11"}],"version-history":[{"count":18,"href":"https:\/\/gamotech.ca\/zh\/wp-json\/wp\/v2\/pages\/11\/revisions"}],"predecessor-version":[{"id":1628,"href":"https:\/\/gamotech.ca\/zh\/wp-json\/wp\/v2\/pages\/11\/revisions\/1628"}],"wp:attachment":[{"href":"https:\/\/gamotech.ca\/zh\/wp-json\/wp\/v2\/media?parent=11"}],"curies":[{"name":"wp","href":"https:\/\/api.w.org\/{rel}","templated":true}]}}